{"id":4428,"date":"2023-10-23T11:39:21","date_gmt":"2023-10-23T09:39:21","guid":{"rendered":"https:\/\/bungeelodz.pl\/privacy-policy\/"},"modified":"2024-02-10T18:16:12","modified_gmt":"2024-02-10T17:16:12","slug":"privacy-policy","status":"publish","type":"page","link":"https:\/\/bungeelodz.pl\/en\/privacy-policy\/","title":{"rendered":"Privacy Policy"},"content":{"rendered":"\n<p>Privacy Policy of www.bungeelodz.pl<\/p>\n\n<p>I. Processing of personal data<\/p>\n\n<p>1. personal data provided by customers in connection with registration and use of the<\/p>\n\n<p>Service www.bungeelodz.pl &#8211; hereinafter referred to as the &#8220;Service&#8221; &#8211; are processed by Bungee Lodz Sp. z o.o. with its registered office in \u0141\u00f3d\u017a (registered office and mailing address: ul.<\/p>\n\n<p>Prezydenta Gabriela Narutowicza 40\/1, 90-135 \u0141\u00f3d\u017a ); entered in the Register of Entrepreneurs of the National<\/p>\n\n<p>Court Register under KRS:0001006722; NIP:7252326199, which provides services<\/p>\n\n<p>in Lodz at. Bandurskiego 7, 94-020 Lodz (email: biuro@bungeelodz.pl ),<\/p>\n\n<p>which is the controller of such data within the meaning of the Act of August 29, 1997<\/p>\n\n<p>On the protection of personal data (Journal of Laws 2016, item 922, as amended).<\/p>\n\n<p>(2) Personal data entrusted by customers, in particular name, address, address<\/p>\n\n<p>e-mail, telephone number, are processed:<\/p>\n\n<p>a. to the extent necessary to establish, shape the content, change, terminate and<\/p>\n\n<p>The correct implementation of services provided electronically and the execution of submitted<\/p>\n\n<p>orders;<\/p>\n\n<p>b. In order to process the complaints filed;<\/p>\n\n<p>c. If the customer agrees to receive marketing information from the Store, in<\/p>\n\n<p>Including sending commercial information electronically,<\/p>\n\n<p>(3) Provision of personal data is voluntary, however, lack of consent to process data<\/p>\n\n<p>personal information may make it impossible to process orders placed.<\/p>\n\n<p>(4) By entrusting his personal data, the customer has the right to inspect it, the right to request it<\/p>\n\n<p>update, stop their processing, and the right to request their deletion.<\/p>\n\n<p>5 The legal basis for the processing of personal data is the RODO &#8211; Regulations<\/p>\n\n<p>European Parliament and Council (EU) 2016\/679 of April 27, 2016. on<\/p>\n\n<p>protection of natural persons in relation to the processing of personal data and on the<\/p>\n\n<p>the free movement of such data and the repeal of Directive 95\/46\/EC<\/p>\n\n<p>II. Safety rules<\/p>\n\n<p>1. the Service ensures the security of personal data through appropriate measures<\/p>\n\n<p>technical and organizational, the purpose of which is to prevent unlawful<\/p>\n\n<p>data processing and their accidental loss, destruction and damage.<\/p>\n\n<p>The service takes due care to ensure that information containing personal data:<\/p>\n\n<p>a. correct and processed in a lawful manner,<\/p>\n\n<p>b. obtained only for specific purposes and not further processed in a manner inconsistent with the<\/p>\n\n<p>these goals,<\/p>\n\n<p>c. Proportionate, accurate and timely,<\/p>\n\n<p>d. Not stored longer than necessary,<\/p>\n\n<p>e. processed in accordance with the rights of the persons (to whom they relate), including<\/p>\n\n<p>In accordance with the right to reserve access,<\/p>\n\n<p>f. securely stored and not transferred without adequate protection.<\/p>\n\n<p>2 The customer, for their safety, should:<\/p>\n\n<p>a. Log out of the Service at the end of each session. Logging out of the site<\/p>\n\n<p>Internet will occur after clicking the &#8220;Logout&#8221; button;<\/p>\n\n<p>b. keep the login and password to the account confidential, including, in particular, not to transfer<\/p>\n\n<p>data (login, password) to any third party;<\/p>\n\n<p>c. use anti-virus software and regularly scan the disk in the<\/p>\n\n<p>looking for viruses;<\/p>\n\n<p>d. use the Service only through trusted computers or other<\/p>\n\n<p>devices on which only verified software is installed.<\/p>\n\n<p>Using other people&#8217;s computers raises the risk that your login, password or<\/p>\n\n<p>other data that is provided by the customer;<\/p>\n\n<p>e. If you use the Service using a foreign computer, such as in a cafe<\/p>\n\n<p>Internet, take care not to memorize data on the computer and delete history<\/p>\n\n<p>pages viewed. The memorized data can be used by the next person who<\/p>\n\n<p>will use this computer.<\/p>\n\n<p>III. Technical information<\/p>\n\n<p>(1) When the Customer uses the Service on a terminal device (computer,<\/p>\n\n<p>smartphone, tablet, etc.) small files (especially text files) are saved,<\/p>\n\n<p>containing information necessary for the proper use of the Website, so-called. files<\/p>\n\n<p>cookies. By storing these files on the device, it is possible to m. in. data storage<\/p>\n\n<p>login, so that the customer does not have to, for example, enter the login and password each time. Thanks to<\/p>\n\n<p>cookies make it possible for the Service to collect statistical data, which makes it possible to<\/p>\n\n<p>Its development in accordance with the expectations of our customers.<\/p>\n\n<p>(2) Cookies do not contain data that identifies the customer, based on them you cannot<\/p>\n\n<p>establish anyone&#8217;s identity. These files are not harmful to devices in any way<\/p>\n\n<p>Customer and do not change their settings or the settings of the software installed on them.<\/p>\n\n<p>Reading the contents of these files is only possible through the server that created them.<\/p>\n\n<p>(3) Two types of cookies are used when using the Website: session cookies<\/p>\n\n<p>and fixed. Session files are temporary files that are stored on the customer&#8217;s device<\/p>\n\n<p>until you log out of the Service, leave it or close your browser. Permanent files<\/p>\n\n<p>are stored on the customer&#8217;s device for the time specified in the parameters of these files<\/p>\n\n<p>or until they are removed by the Customer.<\/p>\n\n<p>4. www.bungeelodz.pl uses the following cookies:<\/p>\n\n<p>a. files necessary for the operation of the Website &#8211; these files enable the proper operation<\/p>\n\n<p>Service, login, navigation. Without saving them on the customer&#8217;s device, the use of<\/p>\n\n<p>From the Service is impossible;<\/p>\n\n<p>b. files that ensure the security of activities performed on the Website. No<\/p>\n\n<p>These files will prevent safe operation;<\/p>\n\n<p>c. statistical files &#8211; allow the Service to collect statistical information on<\/p>\n\n<p>On how to use the Service;<\/p>\n\n<p>d. Functional files &#8211; files that allow remembering customer settings and preferences.<\/p>\n\n<p>By saving these files on the device m. in. there will be no need for<\/p>\n\n<p>each time you enter your login and password;<\/p>\n\n<p>e. advertising files &#8211; files that allow you to receive personalized advertising. These files<\/p>\n\n<p>may be used by the Service or its cooperating advertisers<\/p>\n\n<p>and partners, so that advertising tailored to the<\/p>\n\n<p>Customer&#8217;s interests, and the number of ad impressions can be limited thanks to which<\/p>\n\n<p>ads will be less intrusive, etc.<\/p>\n\n<p>f. social files &#8211; enabling integration of social networks (m. in.<\/p>\n\n<p>Facebook, Google+, Pinterest) used by the Customer of the Service.<\/p>\n\n<p>5. most browser settings allow cookies by default. W<\/p>\n\n<p>If you do not agree to save these files on your device, you should<\/p>\n\n<p>change your web browser settings accordingly. The change may consist of<\/p>\n\n<p>On not saving cookies on your device, or on notifying you each time you<\/p>\n\n<p>saving a given file on the device. You can also each time after the<\/p>\n\n<p>use of the Service to delete files from your device. Detailed information about<\/p>\n\n<p>possibilities and ways to handle cookies are available in the settings and in the section<\/p>\n\n<p>&#8220;Help&#8221; web browser. Note that restrictions on the use of files<\/p>\n\n<p>cookies may make it difficult or impossible to use the Service.<\/p>\n\n<p>6 The browser settings of the Client&#8217;s device that allow the storage of files mean,<\/p>\n\n<p>That he or she consents to these files being stored on his or her device.<\/p>\n\n<p>(7) The customer&#8217;s personal data is stored in a database with measures<\/p>\n\n<p>Technical and organizational measures to ensure the protection of the processed data in accordance with the<\/p>\n\n<p>requirements specified by generally applicable laws on<\/p>\n\n<p>data protection. Access to the database is granted only to authorized persons<\/p>\n\n<p>assigned by the data controller.<\/p>\n\n<p>IV. Final provisions<\/p>\n\n<p>1. due to the continuous development and progress of technology, the principles set out in this<\/p>\n\n<p>documents are subject to change. Customers will be informed of the change in these rules with<\/p>\n\n<p>sufficiently in advance, no later than 7 days before their introduction, by<\/p>\n\n<p>posting the new content of this document on the Service&#8217;s website<\/p>\n\n<p>www.bungeelodz.pl<\/p>\n","protected":false},"excerpt":{"rendered":"<p>Privacy Policy of www.bungeelodz.pl I. Processing of personal data 1. personal data provided by customers in connection with registration and use of the Service www.bungeelodz.pl &#8211; hereinafter referred to as the &#8220;Service&#8221; &#8211; are processed by Bungee Lodz Sp. z o.o. with its registered office in \u0141\u00f3d\u017a (registered office and mailing address: ul. Prezydenta Gabriela [&hellip;]<\/p>\n","protected":false},"author":1,"featured_media":0,"parent":0,"menu_order":0,"comment_status":"closed","ping_status":"closed","template":"","meta":[],"yoast_head":"<!-- This site is optimized with the Yoast SEO plugin v21.4 - https:\/\/yoast.com\/wordpress\/plugins\/seo\/ -->\n<title>Privacy Policy - Bungee Jump \u0141\u00f3d\u017a<\/title>\n<meta name=\"robots\" content=\"index, follow, max-snippet:-1, max-image-preview:large, max-video-preview:-1\" \/>\n<link rel=\"canonical\" href=\"https:\/\/bungeelodz.pl\/en\/privacy-policy\/\" \/>\n<meta property=\"og:locale\" content=\"en_US\" \/>\n<meta property=\"og:type\" content=\"article\" \/>\n<meta property=\"og:title\" content=\"Privacy Policy - Bungee Jump \u0141\u00f3d\u017a\" \/>\n<meta property=\"og:description\" content=\"Privacy Policy of www.bungeelodz.pl I. Processing of personal data 1. personal data provided by customers in connection with registration and use of the Service www.bungeelodz.pl &#8211; hereinafter referred to as the &#8220;Service&#8221; &#8211; are processed by Bungee Lodz Sp. z o.o. with its registered office in \u0141\u00f3d\u017a (registered office and mailing address: ul. Prezydenta Gabriela [&hellip;]\" \/>\n<meta property=\"og:url\" content=\"https:\/\/bungeelodz.pl\/en\/privacy-policy\/\" \/>\n<meta property=\"og:site_name\" content=\"Bungee Jump \u0141\u00f3d\u017a\" \/>\n<meta property=\"article:publisher\" content=\"https:\/\/www.facebook.com\/bungee.LDZ\" \/>\n<meta property=\"article:modified_time\" content=\"2024-02-10T17:16:12+00:00\" \/>\n<meta name=\"twitter:card\" content=\"summary_large_image\" \/>\n<meta name=\"twitter:label1\" content=\"Est. reading time\" \/>\n\t<meta name=\"twitter:data1\" content=\"6 minutes\" \/>\n<script type=\"application\/ld+json\" class=\"yoast-schema-graph\">{\"@context\":\"https:\/\/schema.org\",\"@graph\":[{\"@type\":\"WebPage\",\"@id\":\"https:\/\/bungeelodz.pl\/en\/privacy-policy\/\",\"url\":\"https:\/\/bungeelodz.pl\/en\/privacy-policy\/\",\"name\":\"Privacy Policy - Bungee Jump \u0141\u00f3d\u017a\",\"isPartOf\":{\"@id\":\"https:\/\/bungeelodz.pl\/en\/#website\"},\"datePublished\":\"2023-10-23T09:39:21+00:00\",\"dateModified\":\"2024-02-10T17:16:12+00:00\",\"breadcrumb\":{\"@id\":\"https:\/\/bungeelodz.pl\/en\/privacy-policy\/#breadcrumb\"},\"inLanguage\":\"en-US\",\"potentialAction\":[{\"@type\":\"ReadAction\",\"target\":[\"https:\/\/bungeelodz.pl\/en\/privacy-policy\/\"]}]},{\"@type\":\"BreadcrumbList\",\"@id\":\"https:\/\/bungeelodz.pl\/en\/privacy-policy\/#breadcrumb\",\"itemListElement\":[{\"@type\":\"ListItem\",\"position\":1,\"name\":\"Home\",\"item\":\"https:\/\/bungeelodz.pl\/en\/\"},{\"@type\":\"ListItem\",\"position\":2,\"name\":\"Privacy Policy\"}]},{\"@type\":\"WebSite\",\"@id\":\"https:\/\/bungeelodz.pl\/en\/#website\",\"url\":\"https:\/\/bungeelodz.pl\/en\/\",\"name\":\"Bungee Jump \u0141\u00f3d\u017a\",\"description\":\"Bungee \u0141\u00f3d\u017a\",\"publisher\":{\"@id\":\"https:\/\/bungeelodz.pl\/en\/#organization\"},\"potentialAction\":[{\"@type\":\"SearchAction\",\"target\":{\"@type\":\"EntryPoint\",\"urlTemplate\":\"https:\/\/bungeelodz.pl\/en\/?s={search_term_string}\"},\"query-input\":\"required name=search_term_string\"}],\"inLanguage\":\"en-US\"},{\"@type\":\"Organization\",\"@id\":\"https:\/\/bungeelodz.pl\/en\/#organization\",\"name\":\"Bungee \u0141\u00f3d\u017a Sp z o.o.\",\"url\":\"https:\/\/bungeelodz.pl\/en\/\",\"logo\":{\"@type\":\"ImageObject\",\"inLanguage\":\"en-US\",\"@id\":\"https:\/\/bungeelodz.pl\/en\/#\/schema\/logo\/image\/\",\"url\":\"https:\/\/bungeelodz.pl\/wp-content\/uploads\/2022\/10\/bungee-logo-v6-1-cropped.svg\",\"contentUrl\":\"https:\/\/bungeelodz.pl\/wp-content\/uploads\/2022\/10\/bungee-logo-v6-1-cropped.svg\",\"width\":524,\"height\":524,\"caption\":\"Bungee \u0141\u00f3d\u017a Sp z o.o.\"},\"image\":{\"@id\":\"https:\/\/bungeelodz.pl\/en\/#\/schema\/logo\/image\/\"},\"sameAs\":[\"https:\/\/www.facebook.com\/bungee.LDZ\"]}]}<\/script>\n<!-- \/ Yoast SEO plugin. -->","yoast_head_json":{"title":"Privacy Policy - Bungee Jump \u0141\u00f3d\u017a","robots":{"index":"index","follow":"follow","max-snippet":"max-snippet:-1","max-image-preview":"max-image-preview:large","max-video-preview":"max-video-preview:-1"},"canonical":"https:\/\/bungeelodz.pl\/en\/privacy-policy\/","og_locale":"en_US","og_type":"article","og_title":"Privacy Policy - Bungee Jump \u0141\u00f3d\u017a","og_description":"Privacy Policy of www.bungeelodz.pl I. Processing of personal data 1. personal data provided by customers in connection with registration and use of the Service www.bungeelodz.pl &#8211; hereinafter referred to as the &#8220;Service&#8221; &#8211; are processed by Bungee Lodz Sp. z o.o. with its registered office in \u0141\u00f3d\u017a (registered office and mailing address: ul. Prezydenta Gabriela [&hellip;]","og_url":"https:\/\/bungeelodz.pl\/en\/privacy-policy\/","og_site_name":"Bungee Jump \u0141\u00f3d\u017a","article_publisher":"https:\/\/www.facebook.com\/bungee.LDZ","article_modified_time":"2024-02-10T17:16:12+00:00","twitter_card":"summary_large_image","twitter_misc":{"Est. reading time":"6 minutes"},"schema":{"@context":"https:\/\/schema.org","@graph":[{"@type":"WebPage","@id":"https:\/\/bungeelodz.pl\/en\/privacy-policy\/","url":"https:\/\/bungeelodz.pl\/en\/privacy-policy\/","name":"Privacy Policy - Bungee Jump \u0141\u00f3d\u017a","isPartOf":{"@id":"https:\/\/bungeelodz.pl\/en\/#website"},"datePublished":"2023-10-23T09:39:21+00:00","dateModified":"2024-02-10T17:16:12+00:00","breadcrumb":{"@id":"https:\/\/bungeelodz.pl\/en\/privacy-policy\/#breadcrumb"},"inLanguage":"en-US","potentialAction":[{"@type":"ReadAction","target":["https:\/\/bungeelodz.pl\/en\/privacy-policy\/"]}]},{"@type":"BreadcrumbList","@id":"https:\/\/bungeelodz.pl\/en\/privacy-policy\/#breadcrumb","itemListElement":[{"@type":"ListItem","position":1,"name":"Home","item":"https:\/\/bungeelodz.pl\/en\/"},{"@type":"ListItem","position":2,"name":"Privacy Policy"}]},{"@type":"WebSite","@id":"https:\/\/bungeelodz.pl\/en\/#website","url":"https:\/\/bungeelodz.pl\/en\/","name":"Bungee Jump \u0141\u00f3d\u017a","description":"Bungee \u0141\u00f3d\u017a","publisher":{"@id":"https:\/\/bungeelodz.pl\/en\/#organization"},"potentialAction":[{"@type":"SearchAction","target":{"@type":"EntryPoint","urlTemplate":"https:\/\/bungeelodz.pl\/en\/?s={search_term_string}"},"query-input":"required name=search_term_string"}],"inLanguage":"en-US"},{"@type":"Organization","@id":"https:\/\/bungeelodz.pl\/en\/#organization","name":"Bungee \u0141\u00f3d\u017a Sp z o.o.","url":"https:\/\/bungeelodz.pl\/en\/","logo":{"@type":"ImageObject","inLanguage":"en-US","@id":"https:\/\/bungeelodz.pl\/en\/#\/schema\/logo\/image\/","url":"https:\/\/bungeelodz.pl\/wp-content\/uploads\/2022\/10\/bungee-logo-v6-1-cropped.svg","contentUrl":"https:\/\/bungeelodz.pl\/wp-content\/uploads\/2022\/10\/bungee-logo-v6-1-cropped.svg","width":524,"height":524,"caption":"Bungee \u0141\u00f3d\u017a Sp z o.o."},"image":{"@id":"https:\/\/bungeelodz.pl\/en\/#\/schema\/logo\/image\/"},"sameAs":["https:\/\/www.facebook.com\/bungee.LDZ"]}]}},"_links":{"self":[{"href":"https:\/\/bungeelodz.pl\/en\/wp-json\/wp\/v2\/pages\/4428"}],"collection":[{"href":"https:\/\/bungeelodz.pl\/en\/wp-json\/wp\/v2\/pages"}],"about":[{"href":"https:\/\/bungeelodz.pl\/en\/wp-json\/wp\/v2\/types\/page"}],"author":[{"embeddable":true,"href":"https:\/\/bungeelodz.pl\/en\/wp-json\/wp\/v2\/users\/1"}],"replies":[{"embeddable":true,"href":"https:\/\/bungeelodz.pl\/en\/wp-json\/wp\/v2\/comments?post=4428"}],"version-history":[{"count":1,"href":"https:\/\/bungeelodz.pl\/en\/wp-json\/wp\/v2\/pages\/4428\/revisions"}],"predecessor-version":[{"id":4432,"href":"https:\/\/bungeelodz.pl\/en\/wp-json\/wp\/v2\/pages\/4428\/revisions\/4432"}],"wp:attachment":[{"href":"https:\/\/bungeelodz.pl\/en\/wp-json\/wp\/v2\/media?parent=4428"}],"curies":[{"name":"wp","href":"https:\/\/api.w.org\/{rel}","templated":true}]}}