{"id":4433,"date":"2023-10-23T11:39:21","date_gmt":"2023-10-23T09:39:21","guid":{"rendered":"https:\/\/bungeelodz.pl\/politica-de-privacidad\/"},"modified":"2024-02-10T18:16:12","modified_gmt":"2024-02-10T17:16:12","slug":"politica-de-privacidad","status":"publish","type":"page","link":"https:\/\/bungeelodz.pl\/es\/politica-de-privacidad\/","title":{"rendered":"Pol\u00edtica de privacidad"},"content":{"rendered":"\n<p>Pol\u00edtica de privacidad del sitio web www.bungeelodz.pl<\/p>\n\n<p>I. Tratamiento de datos personales<\/p>\n\n<p>1. Datos personales facilitados por los clientes en relaci\u00f3n con el registro y el uso del<\/p>\n\n<p>Servicio www.bungeelodz.pl &#8211; en lo sucesivo, el &#8220;Servicio&#8221;. &#8211; son procesados por Bungee Lodz Sp. z o.o. con domicilio social en \u0141\u00f3d\u017a (domicilio social y direcci\u00f3n para la correspondencia: ul.<\/p>\n\n<p>Prezydenta Gabriela Narutowicza 40\/1, 90-135 \u0141\u00f3d\u017a ); inscrita en el Registro de Empresarios de la Oficina Nacional de Protecci\u00f3n de los Consumidores.<\/p>\n\n<p>Registro Judicial con arreglo a KRS:0001006722; NIP:7252326199, que presta servicios a<\/p>\n\n<p>en \u0141\u00f3d\u017a en ul. Bandurskiego 7, 94-020 \u0141\u00f3d\u017a (correo electr\u00f3nico: biuro@bungeelodz.pl ),<\/p>\n\n<p>que es el responsable del tratamiento de estos datos en el sentido de la Ley de 29 de agosto de 1997<\/p>\n\n<p>sobre la protecci\u00f3n de datos personales (Diario de Legislaci\u00f3n 2016, punto 922 modificado).<\/p>\n\n<p>2. datos personales confiados por los clientes, en particular nombre, direcci\u00f3n, domicilio<\/p>\n\n<p>correo electr\u00f3nico, n\u00famero de tel\u00e9fono, se procesan:<\/p>\n\n<p>a. en la medida necesaria para establecer, configurar el contenido, modificar, suprimir y<\/p>\n\n<p>la correcta ejecuci\u00f3n de los servicios prestados por v\u00eda electr\u00f3nica y el cumplimiento de los requisitos presentados<\/p>\n\n<p>pedidos;<\/p>\n\n<p>b. para tramitar las denuncias;<\/p>\n\n<p>c. si el Cliente acepta recibir informaci\u00f3n comercial de la Tienda, en<\/p>\n\n<p>incluido el env\u00edo de informaci\u00f3n comercial por medios electr\u00f3nicos,<\/p>\n\n<p>3. el suministro de datos personales es voluntario, sin embargo, la falta de consentimiento para el tratamiento de datos<\/p>\n\n<p>informaci\u00f3n personal puede imposibilitar la tramitaci\u00f3n de los pedidos realizados.<\/p>\n\n<p>4. al confiar sus datos personales, el cliente tiene derecho a inspeccionarlos, derecho a solicitarlos<\/p>\n\n<p>actualizaci\u00f3n, a dejar de tratarlos y el derecho a solicitar su supresi\u00f3n.<\/p>\n\n<p>5 La base jur\u00eddica para el tratamiento de datos personales es el RODO &#8211; Reglamento<\/p>\n\n<p>Parlamento Europeo y Consejo (UE) 2016\/679 de 27 de abril de 2016. en<\/p>\n\n<p>la protecci\u00f3n de las personas f\u00edsicas en lo que respecta al tratamiento de datos personales y sobre la<\/p>\n\n<p>la libre circulaci\u00f3n de estos datos y por la que se deroga la Directiva 95\/46\/CE<\/p>\n\n<p>II. Normas de seguridad<\/p>\n\n<p>1. El Servicio garantizar\u00e1 la seguridad de los datos personales mediante medidas adecuadas<\/p>\n\n<p>medidas t\u00e9cnicas y organizativas destinadas a impedir la<\/p>\n\n<p>el tratamiento de los datos y su p\u00e9rdida, destrucci\u00f3n y da\u00f1o accidentales.<\/p>\n\n<p>El servicio toma precauciones razonables para garantizar que la informaci\u00f3n que contiene datos personales:<\/p>\n\n<p>a. correcta y tratada de forma l\u00edcita,<\/p>\n\n<p>b. obtenida \u00fanicamente para fines espec\u00edficos y no ser tratada posteriormente de manera incompatible con la<\/p>\n\n<p>estos objetivos,<\/p>\n\n<p>c. proporcionadas, precisas y oportunas,<\/p>\n\n<p>d. no se conserven m\u00e1s tiempo del necesario,<\/p>\n\n<p>e. tratados de conformidad con los derechos de (los sujetos), incluidos<\/p>\n\n<p>de acuerdo con el derecho de reserva de acceso,<\/p>\n\n<p>f. almacenados de forma segura y no transferidos sin la protecci\u00f3n adecuada.<\/p>\n\n<p>2 El cliente, por su propia seguridad, debe:<\/p>\n\n<p>a. desconectarse del sitio web al final de cada sesi\u00f3n. Salir del sitio web<\/p>\n\n<p>La p\u00e1gina web se abrir\u00e1 pulsando el bot\u00f3n &#8220;Cerrar sesi\u00f3n&#8221;;<\/p>\n\n<p>b. mantener la confidencialidad del nombre de usuario y la contrase\u00f1a de la cuenta, lo que incluye, en particular, no divulgar<\/p>\n\n<p>datos (nombre de usuario, contrase\u00f1a) a terceros;<\/p>\n\n<p>c. utilice software antivirus y analice peri\u00f3dicamente el disco en el<\/p>\n\n<p>buscando virus;<\/p>\n\n<p>d. utilizar el Servicio \u00fanicamente a trav\u00e9s de ordenadores de confianza u otros<\/p>\n\n<p>dispositivos en los que s\u00f3lo se instala software probado.<\/p>\n\n<p>El uso de ordenadores ajenos conlleva el riesgo de que un nombre de usuario, contrase\u00f1a o<\/p>\n\n<p>otros datos facilitados por el cliente;<\/p>\n\n<p>e. cuando utilice el Sitio Web desde un ordenador ajeno, por ejemplo, en una cafeter\u00eda<\/p>\n\n<p>Internet, tenga cuidado de no almacenar datos en el ordenador y borre el historial del<\/p>\n\n<p>p\u00e1ginas vistas. Los datos almacenados pueden ser utilizados por la siguiente persona que<\/p>\n\n<p>utilizar\u00e1 este ordenador.<\/p>\n\n<p>III. Informaci\u00f3n t\u00e9cnica<\/p>\n\n<p>1 Cuando el Cliente utilice el Servicio en un dispositivo terminal (ordenador,<\/p>\n\n<p>smartphone, tablet, etc.) se almacenan archivos peque\u00f1os (especialmente archivos de texto),<\/p>\n\n<p>que contiene la informaci\u00f3n necesaria para el correcto uso del Sitio Web, el denominado &#8220;Servicio&#8221;. archivos<\/p>\n\n<p>galletas. Al almacenar estos archivos en el dispositivo, es posible m. en. memorizar datos<\/p>\n\n<p>para que el cliente no tenga que introducir un nombre de usuario y una contrase\u00f1a cada vez, por ejemplo. Gracias a<\/p>\n\n<p>Las cookies permiten al sitio web recopilar datos estad\u00edsticos, lo que hace posible<\/p>\n\n<p>su desarrollo en consonancia con las expectativas de nuestros clientes.<\/p>\n\n<p>Las cookies no contienen informaci\u00f3n que identifique al cliente y no pueden utilizarse para identificarlo.<\/p>\n\n<p>establecer la identidad de nadie. Estos archivos no son en absoluto perjudiciales para los dispositivos<\/p>\n\n<p>Cliente y no altere su configuraci\u00f3n ni la del software instalado en ellos.<\/p>\n\n<p>El contenido de estos archivos s\u00f3lo puede ser le\u00eddo por el servidor que los cre\u00f3.<\/p>\n\n<p>3 Al utilizar el Sitio Web se utilizan dos tipos de cookies: cookies de sesi\u00f3n<\/p>\n\n<p>y arreglado. Los archivos de sesi\u00f3n son archivos temporales que se almacenan en el dispositivo del cliente.<\/p>\n\n<p>hasta que se desconecte del Sitio Web, abandone el Sitio Web o cierre su navegador. Archivos permanentes<\/p>\n\n<p>se almacenan en el dispositivo del cliente durante el tiempo especificado en los par\u00e1metros de estos archivos<\/p>\n\n<p>o hasta que sean retirados por el cliente.<\/p>\n\n<p>4 El sitio web www.bungeelodz.pl utiliza las siguientes cookies:<\/p>\n\n<p>a. archivos necesarios para el funcionamiento del Sitio Web &#8211; estos archivos permiten el correcto funcionamiento del<\/p>\n\n<p>Servicio, inicio de sesi\u00f3n, navegaci\u00f3n. Sin guardarlos en el dispositivo del cliente, el uso de<\/p>\n\n<p>del sitio web no es posible;<\/p>\n\n<p>b. archivos para garantizar la seguridad de las actividades realizadas en el Sitio Web. No<\/p>\n\n<p>estos archivos impedir\u00e1 un funcionamiento seguro;<\/p>\n\n<p>c. archivos estad\u00edsticos: permiten al sitio web recopilar informaci\u00f3n estad\u00edstica sobre la<\/p>\n\n<p>sobre c\u00f3mo utilizar el Sitio web;<\/p>\n\n<p>d. archivos funcionales: archivos que permiten recordar los ajustes y preferencias del cliente.<\/p>\n\n<p>Al almacenar estos archivos en el dispositivo m. en. no habr\u00e1 necesidad de<\/p>\n\n<p>cada vez que introduzca su nombre de usuario y contrase\u00f1a;<\/p>\n\n<p>e. archivos publicitarios: archivos que le permiten recibir publicidad personalizada. Estos archivos<\/p>\n\n<p>puede ser utilizado por el Servicio o sus anunciantes colaboradores<\/p>\n\n<p>y socios, para que la publicidad adaptada a la<\/p>\n\n<p>los intereses del cliente, y se puede limitar el n\u00famero de veces que se puede mostrar un anuncio para que el<\/p>\n\n<p>los anuncios ser\u00e1n menos intrusivos, etc.<\/p>\n\n<p>f. archivos sociales &#8211; para permitir la integraci\u00f3n de redes sociales (m. en.<\/p>\n\n<p>Facebook, Google+, Pinterest) utilizados por el Cliente del Servicio.<\/p>\n\n<p>5. la mayor\u00eda de los navegadores permiten el almacenamiento de cookies por defecto. W<\/p>\n\n<p>Si no permite que estos archivos se almacenen en su dispositivo, deber\u00e1<\/p>\n\n<p>cambie la configuraci\u00f3n de su navegador en consecuencia. El cambio puede consistir en<\/p>\n\n<p>no almacenando cookies en su dispositivo o inform\u00e1ndole cada vez que usted<\/p>\n\n<p>guardar el archivo en cuesti\u00f3n en el dispositivo. Tambi\u00e9n es posible cada vez despu\u00e9s de la<\/p>\n\n<p>uso del sitio web para eliminar archivos de su dispositivo. Informaci\u00f3n detallada sobre<\/p>\n\n<p>Las posibilidades y formas de gestionar las cookies est\u00e1n disponibles en los ajustes y en la secci\u00f3n<\/p>\n\n<p>&#8220;Ayuda&#8221; del navegador web. Conviene recordar que las restricciones al uso de ficheros<\/p>\n\n<p>Las cookies pueden dificultar o impedir el uso del Sitio Web.<\/p>\n\n<p>6. la configuraci\u00f3n del navegador del dispositivo del cliente que permite el almacenamiento de archivos de medios,<\/p>\n\n<p>que consiente que estos archivos se almacenen en su dispositivo.<\/p>\n\n<p>7. Los datos personales del cliente se almacenar\u00e1n en una base de datos en la que los medios de<\/p>\n\n<p>medidas t\u00e9cnicas y organizativas para garantizar la protecci\u00f3n de los datos tratados de conformidad con<\/p>\n\n<p>requisitos establecidos por las disposiciones legales de aplicaci\u00f3n general sobre<\/p>\n\n<p>protecci\u00f3n de datos. S\u00f3lo las personas autorizadas tienen acceso a la base de datos.<\/p>\n\n<p>asignado por el responsable del tratamiento.<\/p>\n\n<p>IV. Disposiciones finales<\/p>\n\n<p>1. Habida cuenta del continuo desarrollo y progreso de la tecnolog\u00eda, los principios establecidos en la presente<\/p>\n\n<p>Los documentos est\u00e1n sujetos a cambios. Se informar\u00e1 a los clientes del cambio de estas normas con<\/p>\n\n<p>con suficiente antelaci\u00f3n, a m\u00e1s tardar 7 d\u00edas antes de su presentaci\u00f3n, mediante<\/p>\n\n<p>publicar el nuevo contenido de este documento en el sitio web<\/p>\n\n<p>www.bungeelodz.pl<\/p>\n","protected":false},"excerpt":{"rendered":"<p>Pol\u00edtica de privacidad del sitio web www.bungeelodz.pl I. Tratamiento de datos personales 1. Datos personales facilitados por los clientes en relaci\u00f3n con el registro y el uso del Servicio www.bungeelodz.pl &#8211; en lo sucesivo, el &#8220;Servicio&#8221;. &#8211; son procesados por Bungee Lodz Sp. z o.o. con domicilio social en \u0141\u00f3d\u017a (domicilio social y direcci\u00f3n para [&hellip;]<\/p>\n","protected":false},"author":1,"featured_media":0,"parent":0,"menu_order":0,"comment_status":"closed","ping_status":"closed","template":"","meta":[],"yoast_head":"<!-- This site is optimized with the Yoast SEO plugin v21.4 - https:\/\/yoast.com\/wordpress\/plugins\/seo\/ -->\n<title>Pol\u00edtica de privacidad - Bungee Jump \u0141\u00f3d\u017a<\/title>\n<meta name=\"robots\" content=\"index, follow, max-snippet:-1, max-image-preview:large, max-video-preview:-1\" \/>\n<link rel=\"canonical\" href=\"https:\/\/bungeelodz.pl\/es\/politica-de-privacidad\/\" \/>\n<meta property=\"og:locale\" content=\"es_ES\" \/>\n<meta property=\"og:type\" content=\"article\" \/>\n<meta property=\"og:title\" content=\"Pol\u00edtica de privacidad - Bungee Jump \u0141\u00f3d\u017a\" \/>\n<meta property=\"og:description\" content=\"Pol\u00edtica de privacidad del sitio web www.bungeelodz.pl I. Tratamiento de datos personales 1. Datos personales facilitados por los clientes en relaci\u00f3n con el registro y el uso del Servicio www.bungeelodz.pl &#8211; en lo sucesivo, el &#8220;Servicio&#8221;. &#8211; son procesados por Bungee Lodz Sp. z o.o. con domicilio social en \u0141\u00f3d\u017a (domicilio social y direcci\u00f3n para [&hellip;]\" \/>\n<meta property=\"og:url\" content=\"https:\/\/bungeelodz.pl\/es\/politica-de-privacidad\/\" \/>\n<meta property=\"og:site_name\" content=\"Bungee Jump \u0141\u00f3d\u017a\" \/>\n<meta property=\"article:publisher\" content=\"https:\/\/www.facebook.com\/bungee.LDZ\" \/>\n<meta property=\"article:modified_time\" content=\"2024-02-10T17:16:12+00:00\" \/>\n<meta name=\"twitter:card\" content=\"summary_large_image\" \/>\n<meta name=\"twitter:label1\" content=\"Est. reading time\" \/>\n\t<meta name=\"twitter:data1\" content=\"7 minutos\" \/>\n<script type=\"application\/ld+json\" class=\"yoast-schema-graph\">{\"@context\":\"https:\/\/schema.org\",\"@graph\":[{\"@type\":\"WebPage\",\"@id\":\"https:\/\/bungeelodz.pl\/es\/politica-de-privacidad\/\",\"url\":\"https:\/\/bungeelodz.pl\/es\/politica-de-privacidad\/\",\"name\":\"Pol\u00edtica de privacidad - Bungee Jump \u0141\u00f3d\u017a\",\"isPartOf\":{\"@id\":\"https:\/\/bungeelodz.pl\/es\/#website\"},\"datePublished\":\"2023-10-23T09:39:21+00:00\",\"dateModified\":\"2024-02-10T17:16:12+00:00\",\"breadcrumb\":{\"@id\":\"https:\/\/bungeelodz.pl\/es\/politica-de-privacidad\/#breadcrumb\"},\"inLanguage\":\"es\",\"potentialAction\":[{\"@type\":\"ReadAction\",\"target\":[\"https:\/\/bungeelodz.pl\/es\/politica-de-privacidad\/\"]}]},{\"@type\":\"BreadcrumbList\",\"@id\":\"https:\/\/bungeelodz.pl\/es\/politica-de-privacidad\/#breadcrumb\",\"itemListElement\":[{\"@type\":\"ListItem\",\"position\":1,\"name\":\"Home\",\"item\":\"https:\/\/bungeelodz.pl\/es\/\"},{\"@type\":\"ListItem\",\"position\":2,\"name\":\"Pol\u00edtica de privacidad\"}]},{\"@type\":\"WebSite\",\"@id\":\"https:\/\/bungeelodz.pl\/es\/#website\",\"url\":\"https:\/\/bungeelodz.pl\/es\/\",\"name\":\"Bungee Jump \u0141\u00f3d\u017a\",\"description\":\"Bungee \u0141\u00f3d\u017a\",\"publisher\":{\"@id\":\"https:\/\/bungeelodz.pl\/es\/#organization\"},\"potentialAction\":[{\"@type\":\"SearchAction\",\"target\":{\"@type\":\"EntryPoint\",\"urlTemplate\":\"https:\/\/bungeelodz.pl\/es\/?s={search_term_string}\"},\"query-input\":\"required name=search_term_string\"}],\"inLanguage\":\"es\"},{\"@type\":\"Organization\",\"@id\":\"https:\/\/bungeelodz.pl\/es\/#organization\",\"name\":\"Bungee \u0141\u00f3d\u017a Sp z o.o.\",\"url\":\"https:\/\/bungeelodz.pl\/es\/\",\"logo\":{\"@type\":\"ImageObject\",\"inLanguage\":\"es\",\"@id\":\"https:\/\/bungeelodz.pl\/es\/#\/schema\/logo\/image\/\",\"url\":\"https:\/\/bungeelodz.pl\/wp-content\/uploads\/2022\/10\/bungee-logo-v6-1-cropped.svg\",\"contentUrl\":\"https:\/\/bungeelodz.pl\/wp-content\/uploads\/2022\/10\/bungee-logo-v6-1-cropped.svg\",\"width\":524,\"height\":524,\"caption\":\"Bungee \u0141\u00f3d\u017a Sp z o.o.\"},\"image\":{\"@id\":\"https:\/\/bungeelodz.pl\/es\/#\/schema\/logo\/image\/\"},\"sameAs\":[\"https:\/\/www.facebook.com\/bungee.LDZ\"]}]}<\/script>\n<!-- \/ Yoast SEO plugin. -->","yoast_head_json":{"title":"Pol\u00edtica de privacidad - Bungee Jump \u0141\u00f3d\u017a","robots":{"index":"index","follow":"follow","max-snippet":"max-snippet:-1","max-image-preview":"max-image-preview:large","max-video-preview":"max-video-preview:-1"},"canonical":"https:\/\/bungeelodz.pl\/es\/politica-de-privacidad\/","og_locale":"es_ES","og_type":"article","og_title":"Pol\u00edtica de privacidad - Bungee Jump \u0141\u00f3d\u017a","og_description":"Pol\u00edtica de privacidad del sitio web www.bungeelodz.pl I. Tratamiento de datos personales 1. Datos personales facilitados por los clientes en relaci\u00f3n con el registro y el uso del Servicio www.bungeelodz.pl &#8211; en lo sucesivo, el &#8220;Servicio&#8221;. &#8211; son procesados por Bungee Lodz Sp. z o.o. con domicilio social en \u0141\u00f3d\u017a (domicilio social y direcci\u00f3n para [&hellip;]","og_url":"https:\/\/bungeelodz.pl\/es\/politica-de-privacidad\/","og_site_name":"Bungee Jump \u0141\u00f3d\u017a","article_publisher":"https:\/\/www.facebook.com\/bungee.LDZ","article_modified_time":"2024-02-10T17:16:12+00:00","twitter_card":"summary_large_image","twitter_misc":{"Est. reading time":"7 minutos"},"schema":{"@context":"https:\/\/schema.org","@graph":[{"@type":"WebPage","@id":"https:\/\/bungeelodz.pl\/es\/politica-de-privacidad\/","url":"https:\/\/bungeelodz.pl\/es\/politica-de-privacidad\/","name":"Pol\u00edtica de privacidad - Bungee Jump \u0141\u00f3d\u017a","isPartOf":{"@id":"https:\/\/bungeelodz.pl\/es\/#website"},"datePublished":"2023-10-23T09:39:21+00:00","dateModified":"2024-02-10T17:16:12+00:00","breadcrumb":{"@id":"https:\/\/bungeelodz.pl\/es\/politica-de-privacidad\/#breadcrumb"},"inLanguage":"es","potentialAction":[{"@type":"ReadAction","target":["https:\/\/bungeelodz.pl\/es\/politica-de-privacidad\/"]}]},{"@type":"BreadcrumbList","@id":"https:\/\/bungeelodz.pl\/es\/politica-de-privacidad\/#breadcrumb","itemListElement":[{"@type":"ListItem","position":1,"name":"Home","item":"https:\/\/bungeelodz.pl\/es\/"},{"@type":"ListItem","position":2,"name":"Pol\u00edtica de privacidad"}]},{"@type":"WebSite","@id":"https:\/\/bungeelodz.pl\/es\/#website","url":"https:\/\/bungeelodz.pl\/es\/","name":"Bungee Jump \u0141\u00f3d\u017a","description":"Bungee \u0141\u00f3d\u017a","publisher":{"@id":"https:\/\/bungeelodz.pl\/es\/#organization"},"potentialAction":[{"@type":"SearchAction","target":{"@type":"EntryPoint","urlTemplate":"https:\/\/bungeelodz.pl\/es\/?s={search_term_string}"},"query-input":"required name=search_term_string"}],"inLanguage":"es"},{"@type":"Organization","@id":"https:\/\/bungeelodz.pl\/es\/#organization","name":"Bungee \u0141\u00f3d\u017a Sp z o.o.","url":"https:\/\/bungeelodz.pl\/es\/","logo":{"@type":"ImageObject","inLanguage":"es","@id":"https:\/\/bungeelodz.pl\/es\/#\/schema\/logo\/image\/","url":"https:\/\/bungeelodz.pl\/wp-content\/uploads\/2022\/10\/bungee-logo-v6-1-cropped.svg","contentUrl":"https:\/\/bungeelodz.pl\/wp-content\/uploads\/2022\/10\/bungee-logo-v6-1-cropped.svg","width":524,"height":524,"caption":"Bungee \u0141\u00f3d\u017a Sp z o.o."},"image":{"@id":"https:\/\/bungeelodz.pl\/es\/#\/schema\/logo\/image\/"},"sameAs":["https:\/\/www.facebook.com\/bungee.LDZ"]}]}},"_links":{"self":[{"href":"https:\/\/bungeelodz.pl\/es\/wp-json\/wp\/v2\/pages\/4433"}],"collection":[{"href":"https:\/\/bungeelodz.pl\/es\/wp-json\/wp\/v2\/pages"}],"about":[{"href":"https:\/\/bungeelodz.pl\/es\/wp-json\/wp\/v2\/types\/page"}],"author":[{"embeddable":true,"href":"https:\/\/bungeelodz.pl\/es\/wp-json\/wp\/v2\/users\/1"}],"replies":[{"embeddable":true,"href":"https:\/\/bungeelodz.pl\/es\/wp-json\/wp\/v2\/comments?post=4433"}],"version-history":[{"count":1,"href":"https:\/\/bungeelodz.pl\/es\/wp-json\/wp\/v2\/pages\/4433\/revisions"}],"predecessor-version":[{"id":4437,"href":"https:\/\/bungeelodz.pl\/es\/wp-json\/wp\/v2\/pages\/4433\/revisions\/4437"}],"wp:attachment":[{"href":"https:\/\/bungeelodz.pl\/es\/wp-json\/wp\/v2\/media?parent=4433"}],"curies":[{"name":"wp","href":"https:\/\/api.w.org\/{rel}","templated":true}]}}