{"id":4411,"date":"2023-05-27T15:52:24","date_gmt":"2023-05-27T13:52:24","guid":{"rendered":"https:\/\/bungeelodz.pl\/product\/puenting\/"},"modified":"2024-02-15T15:22:42","modified_gmt":"2024-02-15T14:22:42","slug":"puenting","status":"publish","type":"product","link":"https:\/\/bungeelodz.pl\/es\/producto\/puenting\/","title":{"rendered":"Puenting"},"content":{"rendered":"","protected":false},"excerpt":{"rendered":"","protected":false},"featured_media":4199,"template":"","meta":[],"product_cat":[71],"product_tag":[],"yoast_head":"<!-- This site is optimized with the Yoast SEO plugin v21.4 - https:\/\/yoast.com\/wordpress\/plugins\/seo\/ -->\n<title>Puenting - Bungee Jump \u0141\u00f3d\u017a<\/title>\n<meta name=\"robots\" content=\"index, follow, max-snippet:-1, max-image-preview:large, max-video-preview:-1\" \/>\n<link rel=\"canonical\" href=\"https:\/\/bungeelodz.pl\/es\/producto\/puenting\/\" \/>\n<meta property=\"og:locale\" content=\"es_ES\" \/>\n<meta property=\"og:type\" content=\"article\" \/>\n<meta property=\"og:title\" content=\"Puenting - Bungee Jump \u0141\u00f3d\u017a\" \/>\n<meta property=\"og:url\" content=\"https:\/\/bungeelodz.pl\/es\/producto\/puenting\/\" \/>\n<meta property=\"og:site_name\" content=\"Bungee Jump \u0141\u00f3d\u017a\" \/>\n<meta property=\"article:publisher\" content=\"https:\/\/www.facebook.com\/bungee.LDZ\" \/>\n<meta property=\"article:modified_time\" content=\"2024-02-15T14:22:42+00:00\" \/>\n<meta property=\"og:image\" content=\"https:\/\/bungeelodz.pl\/wp-content\/uploads\/2023\/06\/Projekt-bez-nazwy-2-724x1024.png\" \/>\n\t<meta property=\"og:image:width\" content=\"724\" \/>\n\t<meta property=\"og:image:height\" content=\"1024\" \/>\n\t<meta property=\"og:image:type\" content=\"image\/png\" \/>\n<meta name=\"twitter:card\" content=\"summary_large_image\" \/>\n<script type=\"application\/ld+json\" class=\"yoast-schema-graph\">{\"@context\":\"https:\/\/schema.org\",\"@graph\":[{\"@type\":\"WebPage\",\"@id\":\"https:\/\/bungeelodz.pl\/es\/producto\/puenting\/\",\"url\":\"https:\/\/bungeelodz.pl\/es\/producto\/puenting\/\",\"name\":\"Puenting - Bungee Jump \u0141\u00f3d\u017a\",\"isPartOf\":{\"@id\":\"https:\/\/bungeelodz.pl\/es\/#website\"},\"datePublished\":\"2023-05-27T13:52:24+00:00\",\"dateModified\":\"2024-02-15T14:22:42+00:00\",\"breadcrumb\":{\"@id\":\"https:\/\/bungeelodz.pl\/es\/producto\/puenting\/#breadcrumb\"},\"inLanguage\":\"es\",\"potentialAction\":[{\"@type\":\"ReadAction\",\"target\":[\"https:\/\/bungeelodz.pl\/es\/producto\/puenting\/\"]}]},{\"@type\":\"BreadcrumbList\",\"@id\":\"https:\/\/bungeelodz.pl\/es\/producto\/puenting\/#breadcrumb\",\"itemListElement\":[{\"@type\":\"ListItem\",\"position\":1,\"name\":\"Home\",\"item\":\"https:\/\/bungeelodz.pl\/es\/\"},{\"@type\":\"ListItem\",\"position\":2,\"name\":\"Tienda\",\"item\":\"https:\/\/bungeelodz.pl\/es\/tienda\/\"},{\"@type\":\"ListItem\",\"position\":3,\"name\":\"Puenting\"}]},{\"@type\":\"WebSite\",\"@id\":\"https:\/\/bungeelodz.pl\/es\/#website\",\"url\":\"https:\/\/bungeelodz.pl\/es\/\",\"name\":\"Bungee Jump \u0141\u00f3d\u017a\",\"description\":\"Bungee \u0141\u00f3d\u017a\",\"publisher\":{\"@id\":\"https:\/\/bungeelodz.pl\/es\/#organization\"},\"potentialAction\":[{\"@type\":\"SearchAction\",\"target\":{\"@type\":\"EntryPoint\",\"urlTemplate\":\"https:\/\/bungeelodz.pl\/es\/?s={search_term_string}\"},\"query-input\":\"required name=search_term_string\"}],\"inLanguage\":\"es\"},{\"@type\":\"Organization\",\"@id\":\"https:\/\/bungeelodz.pl\/es\/#organization\",\"name\":\"Bungee \u0141\u00f3d\u017a Sp z o.o.\",\"url\":\"https:\/\/bungeelodz.pl\/es\/\",\"logo\":{\"@type\":\"ImageObject\",\"inLanguage\":\"es\",\"@id\":\"https:\/\/bungeelodz.pl\/es\/#\/schema\/logo\/image\/\",\"url\":\"https:\/\/bungeelodz.pl\/wp-content\/uploads\/2022\/10\/bungee-logo-v6-1-cropped.svg\",\"contentUrl\":\"https:\/\/bungeelodz.pl\/wp-content\/uploads\/2022\/10\/bungee-logo-v6-1-cropped.svg\",\"width\":524,\"height\":524,\"caption\":\"Bungee \u0141\u00f3d\u017a Sp z o.o.\"},\"image\":{\"@id\":\"https:\/\/bungeelodz.pl\/es\/#\/schema\/logo\/image\/\"},\"sameAs\":[\"https:\/\/www.facebook.com\/bungee.LDZ\"]}]}<\/script>\n<!-- \/ Yoast SEO plugin. -->","yoast_head_json":{"title":"Puenting - Bungee Jump \u0141\u00f3d\u017a","robots":{"index":"index","follow":"follow","max-snippet":"max-snippet:-1","max-image-preview":"max-image-preview:large","max-video-preview":"max-video-preview:-1"},"canonical":"https:\/\/bungeelodz.pl\/es\/producto\/puenting\/","og_locale":"es_ES","og_type":"article","og_title":"Puenting - Bungee Jump \u0141\u00f3d\u017a","og_url":"https:\/\/bungeelodz.pl\/es\/producto\/puenting\/","og_site_name":"Bungee Jump \u0141\u00f3d\u017a","article_publisher":"https:\/\/www.facebook.com\/bungee.LDZ","article_modified_time":"2024-02-15T14:22:42+00:00","og_image":[{"width":724,"height":1024,"url":"https:\/\/bungeelodz.pl\/wp-content\/uploads\/2023\/06\/Projekt-bez-nazwy-2-724x1024.png","type":"image\/png"}],"twitter_card":"summary_large_image","schema":{"@context":"https:\/\/schema.org","@graph":[{"@type":"WebPage","@id":"https:\/\/bungeelodz.pl\/es\/producto\/puenting\/","url":"https:\/\/bungeelodz.pl\/es\/producto\/puenting\/","name":"Puenting - Bungee Jump \u0141\u00f3d\u017a","isPartOf":{"@id":"https:\/\/bungeelodz.pl\/es\/#website"},"datePublished":"2023-05-27T13:52:24+00:00","dateModified":"2024-02-15T14:22:42+00:00","breadcrumb":{"@id":"https:\/\/bungeelodz.pl\/es\/producto\/puenting\/#breadcrumb"},"inLanguage":"es","potentialAction":[{"@type":"ReadAction","target":["https:\/\/bungeelodz.pl\/es\/producto\/puenting\/"]}]},{"@type":"BreadcrumbList","@id":"https:\/\/bungeelodz.pl\/es\/producto\/puenting\/#breadcrumb","itemListElement":[{"@type":"ListItem","position":1,"name":"Home","item":"https:\/\/bungeelodz.pl\/es\/"},{"@type":"ListItem","position":2,"name":"Tienda","item":"https:\/\/bungeelodz.pl\/es\/tienda\/"},{"@type":"ListItem","position":3,"name":"Puenting"}]},{"@type":"WebSite","@id":"https:\/\/bungeelodz.pl\/es\/#website","url":"https:\/\/bungeelodz.pl\/es\/","name":"Bungee Jump \u0141\u00f3d\u017a","description":"Bungee \u0141\u00f3d\u017a","publisher":{"@id":"https:\/\/bungeelodz.pl\/es\/#organization"},"potentialAction":[{"@type":"SearchAction","target":{"@type":"EntryPoint","urlTemplate":"https:\/\/bungeelodz.pl\/es\/?s={search_term_string}"},"query-input":"required name=search_term_string"}],"inLanguage":"es"},{"@type":"Organization","@id":"https:\/\/bungeelodz.pl\/es\/#organization","name":"Bungee \u0141\u00f3d\u017a Sp z o.o.","url":"https:\/\/bungeelodz.pl\/es\/","logo":{"@type":"ImageObject","inLanguage":"es","@id":"https:\/\/bungeelodz.pl\/es\/#\/schema\/logo\/image\/","url":"https:\/\/bungeelodz.pl\/wp-content\/uploads\/2022\/10\/bungee-logo-v6-1-cropped.svg","contentUrl":"https:\/\/bungeelodz.pl\/wp-content\/uploads\/2022\/10\/bungee-logo-v6-1-cropped.svg","width":524,"height":524,"caption":"Bungee \u0141\u00f3d\u017a Sp z o.o."},"image":{"@id":"https:\/\/bungeelodz.pl\/es\/#\/schema\/logo\/image\/"},"sameAs":["https:\/\/www.facebook.com\/bungee.LDZ"]}]}},"_links":{"self":[{"href":"https:\/\/bungeelodz.pl\/es\/wp-json\/wp\/v2\/product\/4411"}],"collection":[{"href":"https:\/\/bungeelodz.pl\/es\/wp-json\/wp\/v2\/product"}],"about":[{"href":"https:\/\/bungeelodz.pl\/es\/wp-json\/wp\/v2\/types\/product"}],"wp:featuredmedia":[{"embeddable":true,"href":"https:\/\/bungeelodz.pl\/es\/wp-json\/wp\/v2\/media\/4199"}],"wp:attachment":[{"href":"https:\/\/bungeelodz.pl\/es\/wp-json\/wp\/v2\/media?parent=4411"}],"wp:term":[{"taxonomy":"product_cat","embeddable":true,"href":"https:\/\/bungeelodz.pl\/es\/wp-json\/wp\/v2\/product_cat?post=4411"},{"taxonomy":"product_tag","embeddable":true,"href":"https:\/\/bungeelodz.pl\/es\/wp-json\/wp\/v2\/product_tag?post=4411"}],"curies":[{"name":"wp","href":"https:\/\/api.w.org\/{rel}","templated":true}]}}