{"id":4690,"date":"2022-10-06T20:11:27","date_gmt":"2022-10-06T18:11:27","guid":{"rendered":"https:\/\/bungeelodz.pl\/%d0%ba%d0%be%d0%bd%d1%82%d0%b0%d0%ba%d1%82%d0%b8\/"},"modified":"2024-05-22T12:25:45","modified_gmt":"2024-05-22T10:25:45","slug":"%d0%ba%d0%be%d0%bd%d1%82%d0%b0%d0%ba%d1%82%d0%b8","status":"publish","type":"page","link":"https:\/\/bungeelodz.pl\/uk\/%d0%ba%d0%be%d0%bd%d1%82%d0%b0%d0%ba%d1%82%d0%b8\/","title":{"rendered":"\u041a\u043e\u043d\u0442\u0430\u043a\u0442\u0438"},"content":{"rendered":"\t\t<div data-elementor-type=\"wp-page\" data-elementor-id=\"4690\" class=\"elementor elementor-4690 elementor-37\" data-elementor-post-type=\"page\">\n\t\t\t\t\t\t\t\t\t<section class=\"elementor-section elementor-top-section elementor-element elementor-element-35e7b43 elementor-section-height-min-height elementor-section-full_width elementor-hidden-desktop elementor-hidden-tablet elementor-section-height-default elementor-section-items-middle\" data-id=\"35e7b43\" data-element_type=\"section\" data-settings=\"{&quot;background_background&quot;:&quot;classic&quot;,&quot;_ha_eqh_enable&quot;:&quot;yes&quot;,&quot;_ha_eqh_widget&quot;:[],&quot;_ha_eqh_to&quot;:&quot;widget&quot;,&quot;_ha_eqh_disable_on_tablet&quot;:&quot;no&quot;,&quot;_ha_eqh_disable_on_mobile&quot;:&quot;yes&quot;}\">\n\t\t\t\t\t\t<div class=\"elementor-container elementor-column-gap-no\">\n\t\t\t\t\t<div class=\"elementor-column elementor-col-33 elementor-top-column elementor-element elementor-element-ac441ca\" data-id=\"ac441ca\" data-element_type=\"column\">\n\t\t\t<div class=\"elementor-widget-wrap elementor-element-populated\">\n\t\t\t\t\t\t\t\t<div class=\"elementor-element elementor-element-311f475 elementor-align-center elementor-mobile-align-center elementor-widget elementor-widget-button\" data-id=\"311f475\" data-element_type=\"widget\" data-widget_type=\"button.default\">\n\t\t\t\t<div class=\"elementor-widget-container\">\n\t\t\t\t\t<div class=\"elementor-button-wrapper\">\n\t\t\t<a class=\"elementor-button elementor-button-link elementor-size-sm elementor-animation-grow\" href=\"https:\/\/bungeelodz.pl\/produkt\/skok-bungee\/\">\n\t\t\t\t\t\t<span class=\"elementor-button-content-wrapper\">\n\t\t\t\t\t\t<span class=\"elementor-button-text\">\u041a\u0443\u043f\u0438\u0442\u0438 \u0432\u0430\u0443\u0447\u0435\u0440<\/span>\n\t\t<\/span>\n\t\t\t\t\t<\/a>\n\t\t<\/div>\n\t\t\t\t<\/div>\n\t\t\t\t<\/div>\n\t\t\t\t<div class=\"elementor-element elementor-element-7dab4fc elementor-hidden-desktop elementor-hidden-tablet elementor-widget elementor-widget-spacer\" data-id=\"7dab4fc\" data-element_type=\"widget\" data-widget_type=\"spacer.default\">\n\t\t\t\t<div class=\"elementor-widget-container\">\n\t\t\t<style>\/*! elementor - v3.15.0 - 31-07-2023 *\/\n.elementor-column .elementor-spacer-inner{height:var(--spacer-size)}.e-con{--container-widget-width:100%}.e-con-inner>.elementor-widget-spacer,.e-con>.elementor-widget-spacer{width:var(--container-widget-width,var(--spacer-size));--align-self:var(--container-widget-align-self,initial);--flex-shrink:0}.e-con-inner>.elementor-widget-spacer>.elementor-widget-container,.e-con-inner>.elementor-widget-spacer>.elementor-widget-container>.elementor-spacer,.e-con>.elementor-widget-spacer>.elementor-widget-container,.e-con>.elementor-widget-spacer>.elementor-widget-container>.elementor-spacer{height:100%}.e-con-inner>.elementor-widget-spacer>.elementor-widget-container>.elementor-spacer>.elementor-spacer-inner,.e-con>.elementor-widget-spacer>.elementor-widget-container>.elementor-spacer>.elementor-spacer-inner{height:var(--container-widget-height,var(--spacer-size))}<\/style>\t\t<div class=\"elementor-spacer\">\n\t\t\t<div class=\"elementor-spacer-inner\"><\/div>\n\t\t<\/div>\n\t\t\t\t<\/div>\n\t\t\t\t<\/div>\n\t\t\t\t<div class=\"elementor-element elementor-element-3338a76 elementor-button-info elementor-mobile-align-center elementor-widget elementor-widget-button\" data-id=\"3338a76\" data-element_type=\"widget\" data-widget_type=\"button.default\">\n\t\t\t\t<div class=\"elementor-widget-container\">\n\t\t\t\t\t<div class=\"elementor-button-wrapper\">\n\t\t\t<a class=\"elementor-button elementor-button-link elementor-size-sm\" href=\"https:\/\/bungeelodz.pl\/o-bezpieczenstwie\/\">\n\t\t\t\t\t\t<span class=\"elementor-button-content-wrapper\">\n\t\t\t\t\t\t<span class=\"elementor-button-text\">\u041f\u0440\u043e \u0431\u0435\u0437\u043f\u0435\u043a\u0443<\/span>\n\t\t<\/span>\n\t\t\t\t\t<\/a>\n\t\t<\/div>\n\t\t\t\t<\/div>\n\t\t\t\t<\/div>\n\t\t<div class=\"elementor-element elementor-element-4b1fcde e-flex e-con-boxed e-con\" data-id=\"4b1fcde\" data-element_type=\"container\" data-settings=\"{&quot;background_background&quot;:&quot;classic&quot;,&quot;shape_divider_bottom&quot;:&quot;pyramids&quot;,&quot;content_width&quot;:&quot;boxed&quot;}\">\n\t\t\t\t\t<div class=\"e-con-inner\">\n\t\t\t\t<div class=\"elementor-shape elementor-shape-bottom\" data-negative=\"false\">\n\t\t\t<svg xmlns=\"http:\/\/www.w3.org\/2000\/svg\" viewBox=\"0 0 1000 100\" preserveAspectRatio=\"none\">\n\t<path class=\"elementor-shape-fill\" d=\"M761.9,44.1L643.1,27.2L333.8,98L0,3.8V0l1000,0v3.9\"\/>\n<\/svg>\t\t<\/div>\n\t\t\t\t\t<\/div>\n\t\t\t\t<\/div>\n\t\t\t\t\t<\/div>\n\t\t<\/div>\n\t\t\t\t<div class=\"elementor-column elementor-col-33 elementor-top-column elementor-element elementor-element-b89c1d8\" data-id=\"b89c1d8\" data-element_type=\"column\" data-settings=\"{&quot;background_background&quot;:&quot;classic&quot;}\">\n\t\t\t<div class=\"elementor-widget-wrap elementor-element-populated\">\n\t\t\t\t\t\t\t\t<div class=\"elementor-element elementor-element-37fd618 elementor-widget elementor-widget-heading\" data-id=\"37fd618\" data-element_type=\"widget\" data-widget_type=\"heading.default\">\n\t\t\t\t<div class=\"elementor-widget-container\">\n\t\t\t<style>\/*! elementor - v3.15.0 - 31-07-2023 *\/\n.elementor-heading-title{padding:0;margin:0;line-height:1}.elementor-widget-heading .elementor-heading-title[class*=elementor-size-]>a{color:inherit;font-size:inherit;line-height:inherit}.elementor-widget-heading .elementor-heading-title.elementor-size-small{font-size:15px}.elementor-widget-heading .elementor-heading-title.elementor-size-medium{font-size:19px}.elementor-widget-heading .elementor-heading-title.elementor-size-large{font-size:29px}.elementor-widget-heading .elementor-heading-title.elementor-size-xl{font-size:39px}.elementor-widget-heading .elementor-heading-title.elementor-size-xxl{font-size:59px}<\/style><h2 class=\"elementor-heading-title elementor-size-default\">\u0406\u043d\u0444\u043e\u0440\u043c\u0430\u0446\u0456\u044f<\/h2>\t\t<\/div>\n\t\t\t\t<\/div>\n\t\t\t\t<div class=\"elementor-element elementor-element-56ff39b elementor-mobile-align-center elementor-align-left elementor-widget elementor-widget-button\" data-id=\"56ff39b\" data-element_type=\"widget\" data-widget_type=\"button.default\">\n\t\t\t\t<div class=\"elementor-widget-container\">\n\t\t\t\t\t<div class=\"elementor-button-wrapper\">\n\t\t\t<a class=\"elementor-button elementor-button-link elementor-size-sm\" href=\"https:\/\/bungeelodz.pl\/wp-content\/uploads\/2023\/09\/Zgoda-rodzica.pdf\" target=\"_blank\">\n\t\t\t\t\t\t<span class=\"elementor-button-content-wrapper\">\n\t\t\t\t\t\t<span class=\"elementor-button-text\">\u0417\u0433\u043e\u0434\u0430 \u0431\u0430\u0442\u044c\u043a\u0456\u0432 \u0434\u043b\u044f \u043d\u0435\u043f\u043e\u0432\u043d\u043e\u043b\u0456\u0442\u043d\u0456\u0445<\/span>\n\t\t<\/span>\n\t\t\t\t\t<\/a>\n\t\t<\/div>\n\t\t\t\t<\/div>\n\t\t\t\t<\/div>\n\t\t\t\t<div class=\"elementor-element elementor-element-47bf2e4 elementor-mobile-align-center elementor-align-left elementor-widget elementor-widget-button\" data-id=\"47bf2e4\" data-element_type=\"widget\" data-widget_type=\"button.default\">\n\t\t\t\t<div class=\"elementor-widget-container\">\n\t\t\t\t\t<div class=\"elementor-button-wrapper\">\n\t\t\t<a class=\"elementor-button elementor-button-link elementor-size-sm\" href=\"https:\/\/bungeelodz.pl\/polityka-prywatnosci\/\">\n\t\t\t\t\t\t<span class=\"elementor-button-content-wrapper\">\n\t\t\t\t\t\t<span class=\"elementor-button-text\">\u041f\u043e\u043b\u0456\u0442\u0438\u043a\u0430 \u043a\u043e\u043d\u0444\u0456\u0434\u0435\u043d\u0446\u0456\u0439\u043d\u043e\u0441\u0442\u0456<\/span>\n\t\t<\/span>\n\t\t\t\t\t<\/a>\n\t\t<\/div>\n\t\t\t\t<\/div>\n\t\t\t\t<\/div>\n\t\t\t\t<div class=\"elementor-element elementor-element-d46aed8 elementor-mobile-align-center elementor-align-left elementor-widget elementor-widget-button\" data-id=\"d46aed8\" data-element_type=\"widget\" data-widget_type=\"button.default\">\n\t\t\t\t<div class=\"elementor-widget-container\">\n\t\t\t\t\t<div class=\"elementor-button-wrapper\">\n\t\t\t<a class=\"elementor-button elementor-button-link elementor-size-sm\" href=\"https:\/\/bungeelodz.pl\/regulamin\/\">\n\t\t\t\t\t\t<span class=\"elementor-button-content-wrapper\">\n\t\t\t\t\t\t<span class=\"elementor-button-text\">\u041f\u0440\u0430\u0432\u0438\u043b\u0430 \u0442\u0430 \u0456\u043d\u0441\u0442\u0440\u0443\u043a\u0446\u0456\u0457 \u0437\u0456 \u0441\u0442\u0440\u0438\u0431\u043a\u0456\u0432<\/span>\n\t\t<\/span>\n\t\t\t\t\t<\/a>\n\t\t<\/div>\n\t\t\t\t<\/div>\n\t\t\t\t<\/div>\n\t\t\t\t\t<\/div>\n\t\t<\/div>\n\t\t\t\t<div class=\"elementor-column elementor-col-33 elementor-top-column elementor-element elementor-element-4af2a5b\" data-id=\"4af2a5b\" data-element_type=\"column\" data-settings=\"{&quot;background_background&quot;:&quot;classic&quot;}\">\n\t\t\t<div class=\"elementor-widget-wrap elementor-element-populated\">\n\t\t\t\t\t\t\t\t<div class=\"elementor-element elementor-element-15dc571 elementor-widget elementor-widget-heading\" data-id=\"15dc571\" data-element_type=\"widget\" data-widget_type=\"heading.default\">\n\t\t\t\t<div class=\"elementor-widget-container\">\n\t\t\t<h2 class=\"elementor-heading-title elementor-size-default\">\u041a\u043e\u043d\u0442\u0430\u043a\u0442\u0438<\/h2>\t\t<\/div>\n\t\t\t\t<\/div>\n\t\t\t\t<div class=\"elementor-element elementor-element-838ea5b elementor-widget elementor-widget-text-editor\" data-id=\"838ea5b\" data-element_type=\"widget\" data-widget_type=\"text-editor.default\">\n\t\t\t\t<div class=\"elementor-widget-container\">\n\t\t\t<style>\/*! elementor - v3.15.0 - 31-07-2023 *\/\n.elementor-widget-text-editor.elementor-drop-cap-view-stacked .elementor-drop-cap{background-color:#69727d;color:#fff}.elementor-widget-text-editor.elementor-drop-cap-view-framed .elementor-drop-cap{color:#69727d;border:3px solid;background-color:transparent}.elementor-widget-text-editor:not(.elementor-drop-cap-view-default) .elementor-drop-cap{margin-top:8px}.elementor-widget-text-editor:not(.elementor-drop-cap-view-default) .elementor-drop-cap-letter{width:1em;height:1em}.elementor-widget-text-editor .elementor-drop-cap{float:left;text-align:center;line-height:1;font-size:50px}.elementor-widget-text-editor .elementor-drop-cap-letter{display:inline-block}<\/style>\t\t\t\t<p>\u0411\u0430\u043d\u0434\u0436\u0456 \u041b\u043e\u0434\u0437\u044c<br \/>Unia Lubelska 2, \u041b\u043e\u0434\u0437\u044c<br \/>\u0449\u043e\u0434\u043d\u044f 12-18:30*<br \/>biuro@bungeelodz.pl<br \/>+48 695 827 177<\/p>\n\t\t\t\t\t\t<\/div>\n\t\t\t\t<\/div>\n\t\t\t\t\t<\/div>\n\t\t<\/div>\n\t\t\t\t\t\t\t<\/div>\n\t\t<\/section>\n\t\t\t\t\t\t\t<\/div>\n\t\t","protected":false},"excerpt":{"rendered":"<p>\u041a\u0443\u043f\u0438\u0442\u0438 \u0432\u0430\u0443\u0447\u0435\u0440 \u041f\u0440\u043e \u0431\u0435\u0437\u043f\u0435\u043a\u0443 \u0406\u043d\u0444\u043e\u0440\u043c\u0430\u0446\u0456\u044f \u0417\u0433\u043e\u0434\u0430 \u0431\u0430\u0442\u044c\u043a\u0456\u0432 \u0434\u043b\u044f \u043d\u0435\u043f\u043e\u0432\u043d\u043e\u043b\u0456\u0442\u043d\u0456\u0445 \u041f\u043e\u043b\u0456\u0442\u0438\u043a\u0430 \u043a\u043e\u043d\u0444\u0456\u0434\u0435\u043d\u0446\u0456\u0439\u043d\u043e\u0441\u0442\u0456 \u041f\u0440\u0430\u0432\u0438\u043b\u0430 \u0442\u0430 \u0456\u043d\u0441\u0442\u0440\u0443\u043a\u0446\u0456\u0457 \u0437\u0456 \u0441\u0442\u0440\u0438\u0431\u043a\u0456\u0432 \u041a\u043e\u043d\u0442\u0430\u043a\u0442\u0438 \u0411\u0430\u043d\u0434\u0436\u0456 \u041b\u043e\u0434\u0437\u044cUnia Lubelska 2, \u041b\u043e\u0434\u0437\u044c\u0449\u043e\u0434\u043d\u044f 12-18:30*biuro@bungeelodz.pl+48 695 827 177<\/p>\n","protected":false},"author":1,"featured_media":0,"parent":0,"menu_order":0,"comment_status":"closed","ping_status":"closed","template":"","meta":[],"yoast_head":"<!-- This site is optimized with the Yoast SEO plugin v21.4 - https:\/\/yoast.com\/wordpress\/plugins\/seo\/ -->\n<title>\u041a\u043e\u043d\u0442\u0430\u043a\u0442\u0438 - Bungee Jump \u0141\u00f3d\u017a<\/title>\n<meta name=\"robots\" content=\"index, follow, max-snippet:-1, max-image-preview:large, max-video-preview:-1\" \/>\n<link rel=\"canonical\" href=\"https:\/\/bungeelodz.pl\/uk\/%d0%ba%d0%be%d0%bd%d1%82%d0%b0%d0%ba%d1%82%d0%b8\/\" \/>\n<meta property=\"og:locale\" content=\"uk_UA\" \/>\n<meta property=\"og:type\" content=\"article\" \/>\n<meta property=\"og:title\" content=\"\u041a\u043e\u043d\u0442\u0430\u043a\u0442\u0438 - Bungee Jump \u0141\u00f3d\u017a\" \/>\n<meta property=\"og:description\" content=\"\u041a\u0443\u043f\u0438\u0442\u0438 \u0432\u0430\u0443\u0447\u0435\u0440 \u041f\u0440\u043e \u0431\u0435\u0437\u043f\u0435\u043a\u0443 \u0406\u043d\u0444\u043e\u0440\u043c\u0430\u0446\u0456\u044f \u0417\u0433\u043e\u0434\u0430 \u0431\u0430\u0442\u044c\u043a\u0456\u0432 \u0434\u043b\u044f \u043d\u0435\u043f\u043e\u0432\u043d\u043e\u043b\u0456\u0442\u043d\u0456\u0445 \u041f\u043e\u043b\u0456\u0442\u0438\u043a\u0430 \u043a\u043e\u043d\u0444\u0456\u0434\u0435\u043d\u0446\u0456\u0439\u043d\u043e\u0441\u0442\u0456 \u041f\u0440\u0430\u0432\u0438\u043b\u0430 \u0442\u0430 \u0456\u043d\u0441\u0442\u0440\u0443\u043a\u0446\u0456\u0457 \u0437\u0456 \u0441\u0442\u0440\u0438\u0431\u043a\u0456\u0432 \u041a\u043e\u043d\u0442\u0430\u043a\u0442\u0438 \u0411\u0430\u043d\u0434\u0436\u0456 \u041b\u043e\u0434\u0437\u044cUnia Lubelska 2, \u041b\u043e\u0434\u0437\u044c\u0449\u043e\u0434\u043d\u044f 12-18:30*biuro@bungeelodz.pl+48 695 827 177\" \/>\n<meta property=\"og:url\" content=\"https:\/\/bungeelodz.pl\/uk\/%d0%ba%d0%be%d0%bd%d1%82%d0%b0%d0%ba%d1%82%d0%b8\/\" \/>\n<meta property=\"og:site_name\" content=\"Bungee Jump \u0141\u00f3d\u017a\" \/>\n<meta property=\"article:publisher\" content=\"https:\/\/www.facebook.com\/bungee.LDZ\" \/>\n<meta property=\"article:modified_time\" content=\"2024-05-22T10:25:45+00:00\" \/>\n<meta name=\"twitter:card\" content=\"summary_large_image\" \/>\n<meta name=\"twitter:label1\" content=\"Est. reading time\" \/>\n\t<meta name=\"twitter:data1\" content=\"1 \u0445\u0432\u0438\u043b\u0438\u043d\u0430\" \/>\n<script type=\"application\/ld+json\" class=\"yoast-schema-graph\">{\"@context\":\"https:\/\/schema.org\",\"@graph\":[{\"@type\":\"WebPage\",\"@id\":\"https:\/\/bungeelodz.pl\/uk\/%d0%ba%d0%be%d0%bd%d1%82%d0%b0%d0%ba%d1%82%d0%b8\/\",\"url\":\"https:\/\/bungeelodz.pl\/uk\/%d0%ba%d0%be%d0%bd%d1%82%d0%b0%d0%ba%d1%82%d0%b8\/\",\"name\":\"\u041a\u043e\u043d\u0442\u0430\u043a\u0442\u0438 - Bungee Jump \u0141\u00f3d\u017a\",\"isPartOf\":{\"@id\":\"https:\/\/bungeelodz.pl\/uk\/#website\"},\"datePublished\":\"2022-10-06T18:11:27+00:00\",\"dateModified\":\"2024-05-22T10:25:45+00:00\",\"breadcrumb\":{\"@id\":\"https:\/\/bungeelodz.pl\/uk\/%d0%ba%d0%be%d0%bd%d1%82%d0%b0%d0%ba%d1%82%d0%b8\/#breadcrumb\"},\"inLanguage\":\"uk\",\"potentialAction\":[{\"@type\":\"ReadAction\",\"target\":[\"https:\/\/bungeelodz.pl\/uk\/%d0%ba%d0%be%d0%bd%d1%82%d0%b0%d0%ba%d1%82%d0%b8\/\"]}]},{\"@type\":\"BreadcrumbList\",\"@id\":\"https:\/\/bungeelodz.pl\/uk\/%d0%ba%d0%be%d0%bd%d1%82%d0%b0%d0%ba%d1%82%d0%b8\/#breadcrumb\",\"itemListElement\":[{\"@type\":\"ListItem\",\"position\":1,\"name\":\"Home\",\"item\":\"https:\/\/bungeelodz.pl\/uk\/\"},{\"@type\":\"ListItem\",\"position\":2,\"name\":\"\u041a\u043e\u043d\u0442\u0430\u043a\u0442\u0438\"}]},{\"@type\":\"WebSite\",\"@id\":\"https:\/\/bungeelodz.pl\/uk\/#website\",\"url\":\"https:\/\/bungeelodz.pl\/uk\/\",\"name\":\"Bungee Jump \u0141\u00f3d\u017a\",\"description\":\"Bungee \u0141\u00f3d\u017a\",\"publisher\":{\"@id\":\"https:\/\/bungeelodz.pl\/uk\/#organization\"},\"potentialAction\":[{\"@type\":\"SearchAction\",\"target\":{\"@type\":\"EntryPoint\",\"urlTemplate\":\"https:\/\/bungeelodz.pl\/uk\/?s={search_term_string}\"},\"query-input\":\"required name=search_term_string\"}],\"inLanguage\":\"uk\"},{\"@type\":\"Organization\",\"@id\":\"https:\/\/bungeelodz.pl\/uk\/#organization\",\"name\":\"Bungee \u0141\u00f3d\u017a Sp z o.o.\",\"url\":\"https:\/\/bungeelodz.pl\/uk\/\",\"logo\":{\"@type\":\"ImageObject\",\"inLanguage\":\"uk\",\"@id\":\"https:\/\/bungeelodz.pl\/uk\/#\/schema\/logo\/image\/\",\"url\":\"https:\/\/bungeelodz.pl\/wp-content\/uploads\/2022\/10\/bungee-logo-v6-1-cropped.svg\",\"contentUrl\":\"https:\/\/bungeelodz.pl\/wp-content\/uploads\/2022\/10\/bungee-logo-v6-1-cropped.svg\",\"width\":524,\"height\":524,\"caption\":\"Bungee \u0141\u00f3d\u017a Sp z o.o.\"},\"image\":{\"@id\":\"https:\/\/bungeelodz.pl\/uk\/#\/schema\/logo\/image\/\"},\"sameAs\":[\"https:\/\/www.facebook.com\/bungee.LDZ\"]}]}<\/script>\n<!-- \/ Yoast SEO plugin. -->","yoast_head_json":{"title":"\u041a\u043e\u043d\u0442\u0430\u043a\u0442\u0438 - Bungee Jump \u0141\u00f3d\u017a","robots":{"index":"index","follow":"follow","max-snippet":"max-snippet:-1","max-image-preview":"max-image-preview:large","max-video-preview":"max-video-preview:-1"},"canonical":"https:\/\/bungeelodz.pl\/uk\/%d0%ba%d0%be%d0%bd%d1%82%d0%b0%d0%ba%d1%82%d0%b8\/","og_locale":"uk_UA","og_type":"article","og_title":"\u041a\u043e\u043d\u0442\u0430\u043a\u0442\u0438 - Bungee Jump \u0141\u00f3d\u017a","og_description":"\u041a\u0443\u043f\u0438\u0442\u0438 \u0432\u0430\u0443\u0447\u0435\u0440 \u041f\u0440\u043e \u0431\u0435\u0437\u043f\u0435\u043a\u0443 \u0406\u043d\u0444\u043e\u0440\u043c\u0430\u0446\u0456\u044f \u0417\u0433\u043e\u0434\u0430 \u0431\u0430\u0442\u044c\u043a\u0456\u0432 \u0434\u043b\u044f \u043d\u0435\u043f\u043e\u0432\u043d\u043e\u043b\u0456\u0442\u043d\u0456\u0445 \u041f\u043e\u043b\u0456\u0442\u0438\u043a\u0430 \u043a\u043e\u043d\u0444\u0456\u0434\u0435\u043d\u0446\u0456\u0439\u043d\u043e\u0441\u0442\u0456 \u041f\u0440\u0430\u0432\u0438\u043b\u0430 \u0442\u0430 \u0456\u043d\u0441\u0442\u0440\u0443\u043a\u0446\u0456\u0457 \u0437\u0456 \u0441\u0442\u0440\u0438\u0431\u043a\u0456\u0432 \u041a\u043e\u043d\u0442\u0430\u043a\u0442\u0438 \u0411\u0430\u043d\u0434\u0436\u0456 \u041b\u043e\u0434\u0437\u044cUnia Lubelska 2, \u041b\u043e\u0434\u0437\u044c\u0449\u043e\u0434\u043d\u044f 12-18:30*biuro@bungeelodz.pl+48 695 827 177","og_url":"https:\/\/bungeelodz.pl\/uk\/%d0%ba%d0%be%d0%bd%d1%82%d0%b0%d0%ba%d1%82%d0%b8\/","og_site_name":"Bungee Jump \u0141\u00f3d\u017a","article_publisher":"https:\/\/www.facebook.com\/bungee.LDZ","article_modified_time":"2024-05-22T10:25:45+00:00","twitter_card":"summary_large_image","twitter_misc":{"Est. reading time":"1 \u0445\u0432\u0438\u043b\u0438\u043d\u0430"},"schema":{"@context":"https:\/\/schema.org","@graph":[{"@type":"WebPage","@id":"https:\/\/bungeelodz.pl\/uk\/%d0%ba%d0%be%d0%bd%d1%82%d0%b0%d0%ba%d1%82%d0%b8\/","url":"https:\/\/bungeelodz.pl\/uk\/%d0%ba%d0%be%d0%bd%d1%82%d0%b0%d0%ba%d1%82%d0%b8\/","name":"\u041a\u043e\u043d\u0442\u0430\u043a\u0442\u0438 - Bungee Jump \u0141\u00f3d\u017a","isPartOf":{"@id":"https:\/\/bungeelodz.pl\/uk\/#website"},"datePublished":"2022-10-06T18:11:27+00:00","dateModified":"2024-05-22T10:25:45+00:00","breadcrumb":{"@id":"https:\/\/bungeelodz.pl\/uk\/%d0%ba%d0%be%d0%bd%d1%82%d0%b0%d0%ba%d1%82%d0%b8\/#breadcrumb"},"inLanguage":"uk","potentialAction":[{"@type":"ReadAction","target":["https:\/\/bungeelodz.pl\/uk\/%d0%ba%d0%be%d0%bd%d1%82%d0%b0%d0%ba%d1%82%d0%b8\/"]}]},{"@type":"BreadcrumbList","@id":"https:\/\/bungeelodz.pl\/uk\/%d0%ba%d0%be%d0%bd%d1%82%d0%b0%d0%ba%d1%82%d0%b8\/#breadcrumb","itemListElement":[{"@type":"ListItem","position":1,"name":"Home","item":"https:\/\/bungeelodz.pl\/uk\/"},{"@type":"ListItem","position":2,"name":"\u041a\u043e\u043d\u0442\u0430\u043a\u0442\u0438"}]},{"@type":"WebSite","@id":"https:\/\/bungeelodz.pl\/uk\/#website","url":"https:\/\/bungeelodz.pl\/uk\/","name":"Bungee Jump \u0141\u00f3d\u017a","description":"Bungee \u0141\u00f3d\u017a","publisher":{"@id":"https:\/\/bungeelodz.pl\/uk\/#organization"},"potentialAction":[{"@type":"SearchAction","target":{"@type":"EntryPoint","urlTemplate":"https:\/\/bungeelodz.pl\/uk\/?s={search_term_string}"},"query-input":"required name=search_term_string"}],"inLanguage":"uk"},{"@type":"Organization","@id":"https:\/\/bungeelodz.pl\/uk\/#organization","name":"Bungee \u0141\u00f3d\u017a Sp z o.o.","url":"https:\/\/bungeelodz.pl\/uk\/","logo":{"@type":"ImageObject","inLanguage":"uk","@id":"https:\/\/bungeelodz.pl\/uk\/#\/schema\/logo\/image\/","url":"https:\/\/bungeelodz.pl\/wp-content\/uploads\/2022\/10\/bungee-logo-v6-1-cropped.svg","contentUrl":"https:\/\/bungeelodz.pl\/wp-content\/uploads\/2022\/10\/bungee-logo-v6-1-cropped.svg","width":524,"height":524,"caption":"Bungee \u0141\u00f3d\u017a Sp z o.o."},"image":{"@id":"https:\/\/bungeelodz.pl\/uk\/#\/schema\/logo\/image\/"},"sameAs":["https:\/\/www.facebook.com\/bungee.LDZ"]}]}},"_links":{"self":[{"href":"https:\/\/bungeelodz.pl\/uk\/wp-json\/wp\/v2\/pages\/4690"}],"collection":[{"href":"https:\/\/bungeelodz.pl\/uk\/wp-json\/wp\/v2\/pages"}],"about":[{"href":"https:\/\/bungeelodz.pl\/uk\/wp-json\/wp\/v2\/types\/page"}],"author":[{"embeddable":true,"href":"https:\/\/bungeelodz.pl\/uk\/wp-json\/wp\/v2\/users\/1"}],"replies":[{"embeddable":true,"href":"https:\/\/bungeelodz.pl\/uk\/wp-json\/wp\/v2\/comments?post=4690"}],"version-history":[{"count":4,"href":"https:\/\/bungeelodz.pl\/uk\/wp-json\/wp\/v2\/pages\/4690\/revisions"}],"predecessor-version":[{"id":5177,"href":"https:\/\/bungeelodz.pl\/uk\/wp-json\/wp\/v2\/pages\/4690\/revisions\/5177"}],"wp:attachment":[{"href":"https:\/\/bungeelodz.pl\/uk\/wp-json\/wp\/v2\/media?parent=4690"}],"curies":[{"name":"wp","href":"https:\/\/api.w.org\/{rel}","templated":true}]}}