{"id":4809,"date":"2023-05-27T15:52:24","date_gmt":"2023-05-27T13:52:24","guid":{"rendered":"https:\/\/bungeelodz.pl\/product\/%d0%b1%d0%b0%d0%bd%d0%b4%d0%b6%d1%96-%d0%b4%d0%b6%d0%b0%d0%bc%d0%bf%d1%96%d0%bd%d0%b3\/"},"modified":"2024-03-29T22:08:11","modified_gmt":"2024-03-29T21:08:11","slug":"%d0%b1%d0%b0%d0%bd%d0%b4%d0%b6%d1%96-%d0%b4%d0%b6%d0%b0%d0%bc%d0%bf%d1%96%d0%bd%d0%b3","status":"publish","type":"product","link":"https:\/\/bungeelodz.pl\/uk\/product\/%d0%b1%d0%b0%d0%bd%d0%b4%d0%b6%d1%96-%d0%b4%d0%b6%d0%b0%d0%bc%d0%bf%d1%96%d0%bd%d0%b3\/","title":{"rendered":"\u0411\u0430\u043d\u0434\u0436\u0456-\u0434\u0436\u0430\u043c\u043f\u0456\u043d\u0433"},"content":{"rendered":"","protected":false},"excerpt":{"rendered":"","protected":false},"featured_media":4810,"template":"","meta":[],"product_cat":[97],"product_tag":[],"yoast_head":"<!-- This site is optimized with the Yoast SEO plugin v21.4 - https:\/\/yoast.com\/wordpress\/plugins\/seo\/ -->\n<title>\u0411\u0430\u043d\u0434\u0436\u0456-\u0434\u0436\u0430\u043c\u043f\u0456\u043d\u0433 - Bungee Jump \u0141\u00f3d\u017a<\/title>\n<meta name=\"robots\" content=\"index, follow, max-snippet:-1, max-image-preview:large, max-video-preview:-1\" \/>\n<link rel=\"canonical\" href=\"https:\/\/bungeelodz.pl\/uk\/product\/%d0%b1%d0%b0%d0%bd%d0%b4%d0%b6%d1%96-%d0%b4%d0%b6%d0%b0%d0%bc%d0%bf%d1%96%d0%bd%d0%b3\/\" \/>\n<meta property=\"og:locale\" content=\"uk_UA\" \/>\n<meta property=\"og:type\" content=\"article\" \/>\n<meta property=\"og:title\" content=\"\u0411\u0430\u043d\u0434\u0436\u0456-\u0434\u0436\u0430\u043c\u043f\u0456\u043d\u0433 - Bungee Jump \u0141\u00f3d\u017a\" \/>\n<meta property=\"og:url\" content=\"https:\/\/bungeelodz.pl\/uk\/product\/%d0%b1%d0%b0%d0%bd%d0%b4%d0%b6%d1%96-%d0%b4%d0%b6%d0%b0%d0%bc%d0%bf%d1%96%d0%bd%d0%b3\/\" \/>\n<meta property=\"og:site_name\" content=\"Bungee Jump \u0141\u00f3d\u017a\" \/>\n<meta property=\"article:publisher\" content=\"https:\/\/www.facebook.com\/bungee.LDZ\" \/>\n<meta property=\"article:modified_time\" content=\"2024-03-29T21:08:11+00:00\" \/>\n<meta property=\"og:image\" content=\"https:\/\/bungeelodz.pl\/wp-content\/uploads\/2023\/06\/Projekt-bez-nazwy-2-724x1024.png\" \/>\n\t<meta property=\"og:image:width\" content=\"724\" \/>\n\t<meta property=\"og:image:height\" content=\"1024\" \/>\n\t<meta property=\"og:image:type\" content=\"image\/png\" \/>\n<meta name=\"twitter:card\" content=\"summary_large_image\" \/>\n<script type=\"application\/ld+json\" class=\"yoast-schema-graph\">{\"@context\":\"https:\/\/schema.org\",\"@graph\":[{\"@type\":\"WebPage\",\"@id\":\"https:\/\/bungeelodz.pl\/uk\/product\/%d0%b1%d0%b0%d0%bd%d0%b4%d0%b6%d1%96-%d0%b4%d0%b6%d0%b0%d0%bc%d0%bf%d1%96%d0%bd%d0%b3\/\",\"url\":\"https:\/\/bungeelodz.pl\/uk\/product\/%d0%b1%d0%b0%d0%bd%d0%b4%d0%b6%d1%96-%d0%b4%d0%b6%d0%b0%d0%bc%d0%bf%d1%96%d0%bd%d0%b3\/\",\"name\":\"\u0411\u0430\u043d\u0434\u0436\u0456-\u0434\u0436\u0430\u043c\u043f\u0456\u043d\u0433 - Bungee Jump \u0141\u00f3d\u017a\",\"isPartOf\":{\"@id\":\"https:\/\/bungeelodz.pl\/uk\/#website\"},\"datePublished\":\"2023-05-27T13:52:24+00:00\",\"dateModified\":\"2024-03-29T21:08:11+00:00\",\"breadcrumb\":{\"@id\":\"https:\/\/bungeelodz.pl\/uk\/product\/%d0%b1%d0%b0%d0%bd%d0%b4%d0%b6%d1%96-%d0%b4%d0%b6%d0%b0%d0%bc%d0%bf%d1%96%d0%bd%d0%b3\/#breadcrumb\"},\"inLanguage\":\"uk\",\"potentialAction\":[{\"@type\":\"ReadAction\",\"target\":[\"https:\/\/bungeelodz.pl\/uk\/product\/%d0%b1%d0%b0%d0%bd%d0%b4%d0%b6%d1%96-%d0%b4%d0%b6%d0%b0%d0%bc%d0%bf%d1%96%d0%bd%d0%b3\/\"]}]},{\"@type\":\"BreadcrumbList\",\"@id\":\"https:\/\/bungeelodz.pl\/uk\/product\/%d0%b1%d0%b0%d0%bd%d0%b4%d0%b6%d1%96-%d0%b4%d0%b6%d0%b0%d0%bc%d0%bf%d1%96%d0%bd%d0%b3\/#breadcrumb\",\"itemListElement\":[{\"@type\":\"ListItem\",\"position\":1,\"name\":\"Home\",\"item\":\"https:\/\/bungeelodz.pl\/uk\/\"},{\"@type\":\"ListItem\",\"position\":2,\"name\":\"\u041c\u0430\u0433\u0430\u0437\u0438\u043d\",\"item\":\"https:\/\/bungeelodz.pl\/uk\/%d0%bc%d0%b0%d0%b3%d0%b0%d0%b7%d0%b8%d0%bd\/\"},{\"@type\":\"ListItem\",\"position\":3,\"name\":\"\u0411\u0430\u043d\u0434\u0436\u0456-\u0434\u0436\u0430\u043c\u043f\u0456\u043d\u0433\"}]},{\"@type\":\"WebSite\",\"@id\":\"https:\/\/bungeelodz.pl\/uk\/#website\",\"url\":\"https:\/\/bungeelodz.pl\/uk\/\",\"name\":\"Bungee Jump \u0141\u00f3d\u017a\",\"description\":\"Bungee \u0141\u00f3d\u017a\",\"publisher\":{\"@id\":\"https:\/\/bungeelodz.pl\/uk\/#organization\"},\"potentialAction\":[{\"@type\":\"SearchAction\",\"target\":{\"@type\":\"EntryPoint\",\"urlTemplate\":\"https:\/\/bungeelodz.pl\/uk\/?s={search_term_string}\"},\"query-input\":\"required name=search_term_string\"}],\"inLanguage\":\"uk\"},{\"@type\":\"Organization\",\"@id\":\"https:\/\/bungeelodz.pl\/uk\/#organization\",\"name\":\"Bungee \u0141\u00f3d\u017a Sp z o.o.\",\"url\":\"https:\/\/bungeelodz.pl\/uk\/\",\"logo\":{\"@type\":\"ImageObject\",\"inLanguage\":\"uk\",\"@id\":\"https:\/\/bungeelodz.pl\/uk\/#\/schema\/logo\/image\/\",\"url\":\"https:\/\/bungeelodz.pl\/wp-content\/uploads\/2022\/10\/bungee-logo-v6-1-cropped.svg\",\"contentUrl\":\"https:\/\/bungeelodz.pl\/wp-content\/uploads\/2022\/10\/bungee-logo-v6-1-cropped.svg\",\"width\":524,\"height\":524,\"caption\":\"Bungee \u0141\u00f3d\u017a Sp z o.o.\"},\"image\":{\"@id\":\"https:\/\/bungeelodz.pl\/uk\/#\/schema\/logo\/image\/\"},\"sameAs\":[\"https:\/\/www.facebook.com\/bungee.LDZ\"]}]}<\/script>\n<!-- \/ Yoast SEO plugin. -->","yoast_head_json":{"title":"\u0411\u0430\u043d\u0434\u0436\u0456-\u0434\u0436\u0430\u043c\u043f\u0456\u043d\u0433 - Bungee Jump \u0141\u00f3d\u017a","robots":{"index":"index","follow":"follow","max-snippet":"max-snippet:-1","max-image-preview":"max-image-preview:large","max-video-preview":"max-video-preview:-1"},"canonical":"https:\/\/bungeelodz.pl\/uk\/product\/%d0%b1%d0%b0%d0%bd%d0%b4%d0%b6%d1%96-%d0%b4%d0%b6%d0%b0%d0%bc%d0%bf%d1%96%d0%bd%d0%b3\/","og_locale":"uk_UA","og_type":"article","og_title":"\u0411\u0430\u043d\u0434\u0436\u0456-\u0434\u0436\u0430\u043c\u043f\u0456\u043d\u0433 - Bungee Jump \u0141\u00f3d\u017a","og_url":"https:\/\/bungeelodz.pl\/uk\/product\/%d0%b1%d0%b0%d0%bd%d0%b4%d0%b6%d1%96-%d0%b4%d0%b6%d0%b0%d0%bc%d0%bf%d1%96%d0%bd%d0%b3\/","og_site_name":"Bungee Jump \u0141\u00f3d\u017a","article_publisher":"https:\/\/www.facebook.com\/bungee.LDZ","article_modified_time":"2024-03-29T21:08:11+00:00","og_image":[{"width":724,"height":1024,"url":"https:\/\/bungeelodz.pl\/wp-content\/uploads\/2023\/06\/Projekt-bez-nazwy-2-724x1024.png","type":"image\/png"}],"twitter_card":"summary_large_image","schema":{"@context":"https:\/\/schema.org","@graph":[{"@type":"WebPage","@id":"https:\/\/bungeelodz.pl\/uk\/product\/%d0%b1%d0%b0%d0%bd%d0%b4%d0%b6%d1%96-%d0%b4%d0%b6%d0%b0%d0%bc%d0%bf%d1%96%d0%bd%d0%b3\/","url":"https:\/\/bungeelodz.pl\/uk\/product\/%d0%b1%d0%b0%d0%bd%d0%b4%d0%b6%d1%96-%d0%b4%d0%b6%d0%b0%d0%bc%d0%bf%d1%96%d0%bd%d0%b3\/","name":"\u0411\u0430\u043d\u0434\u0436\u0456-\u0434\u0436\u0430\u043c\u043f\u0456\u043d\u0433 - Bungee Jump \u0141\u00f3d\u017a","isPartOf":{"@id":"https:\/\/bungeelodz.pl\/uk\/#website"},"datePublished":"2023-05-27T13:52:24+00:00","dateModified":"2024-03-29T21:08:11+00:00","breadcrumb":{"@id":"https:\/\/bungeelodz.pl\/uk\/product\/%d0%b1%d0%b0%d0%bd%d0%b4%d0%b6%d1%96-%d0%b4%d0%b6%d0%b0%d0%bc%d0%bf%d1%96%d0%bd%d0%b3\/#breadcrumb"},"inLanguage":"uk","potentialAction":[{"@type":"ReadAction","target":["https:\/\/bungeelodz.pl\/uk\/product\/%d0%b1%d0%b0%d0%bd%d0%b4%d0%b6%d1%96-%d0%b4%d0%b6%d0%b0%d0%bc%d0%bf%d1%96%d0%bd%d0%b3\/"]}]},{"@type":"BreadcrumbList","@id":"https:\/\/bungeelodz.pl\/uk\/product\/%d0%b1%d0%b0%d0%bd%d0%b4%d0%b6%d1%96-%d0%b4%d0%b6%d0%b0%d0%bc%d0%bf%d1%96%d0%bd%d0%b3\/#breadcrumb","itemListElement":[{"@type":"ListItem","position":1,"name":"Home","item":"https:\/\/bungeelodz.pl\/uk\/"},{"@type":"ListItem","position":2,"name":"\u041c\u0430\u0433\u0430\u0437\u0438\u043d","item":"https:\/\/bungeelodz.pl\/uk\/%d0%bc%d0%b0%d0%b3%d0%b0%d0%b7%d0%b8%d0%bd\/"},{"@type":"ListItem","position":3,"name":"\u0411\u0430\u043d\u0434\u0436\u0456-\u0434\u0436\u0430\u043c\u043f\u0456\u043d\u0433"}]},{"@type":"WebSite","@id":"https:\/\/bungeelodz.pl\/uk\/#website","url":"https:\/\/bungeelodz.pl\/uk\/","name":"Bungee Jump \u0141\u00f3d\u017a","description":"Bungee \u0141\u00f3d\u017a","publisher":{"@id":"https:\/\/bungeelodz.pl\/uk\/#organization"},"potentialAction":[{"@type":"SearchAction","target":{"@type":"EntryPoint","urlTemplate":"https:\/\/bungeelodz.pl\/uk\/?s={search_term_string}"},"query-input":"required name=search_term_string"}],"inLanguage":"uk"},{"@type":"Organization","@id":"https:\/\/bungeelodz.pl\/uk\/#organization","name":"Bungee \u0141\u00f3d\u017a Sp z o.o.","url":"https:\/\/bungeelodz.pl\/uk\/","logo":{"@type":"ImageObject","inLanguage":"uk","@id":"https:\/\/bungeelodz.pl\/uk\/#\/schema\/logo\/image\/","url":"https:\/\/bungeelodz.pl\/wp-content\/uploads\/2022\/10\/bungee-logo-v6-1-cropped.svg","contentUrl":"https:\/\/bungeelodz.pl\/wp-content\/uploads\/2022\/10\/bungee-logo-v6-1-cropped.svg","width":524,"height":524,"caption":"Bungee \u0141\u00f3d\u017a Sp z o.o."},"image":{"@id":"https:\/\/bungeelodz.pl\/uk\/#\/schema\/logo\/image\/"},"sameAs":["https:\/\/www.facebook.com\/bungee.LDZ"]}]}},"_links":{"self":[{"href":"https:\/\/bungeelodz.pl\/uk\/wp-json\/wp\/v2\/product\/4809"}],"collection":[{"href":"https:\/\/bungeelodz.pl\/uk\/wp-json\/wp\/v2\/product"}],"about":[{"href":"https:\/\/bungeelodz.pl\/uk\/wp-json\/wp\/v2\/types\/product"}],"wp:featuredmedia":[{"embeddable":true,"href":"https:\/\/bungeelodz.pl\/uk\/wp-json\/wp\/v2\/media\/4810"}],"wp:attachment":[{"href":"https:\/\/bungeelodz.pl\/uk\/wp-json\/wp\/v2\/media?parent=4809"}],"wp:term":[{"taxonomy":"product_cat","embeddable":true,"href":"https:\/\/bungeelodz.pl\/uk\/wp-json\/wp\/v2\/product_cat?post=4809"},{"taxonomy":"product_tag","embeddable":true,"href":"https:\/\/bungeelodz.pl\/uk\/wp-json\/wp\/v2\/product_tag?post=4809"}],"curies":[{"name":"wp","href":"https:\/\/api.w.org\/{rel}","templated":true}]}}